{"id":2,"date":"2020-06-09T20:13:38","date_gmt":"2020-06-09T23:13:38","guid":{"rendered":""},"modified":"2024-05-28T19:45:48","modified_gmt":"2024-05-28T22:45:48","slug":"quienes-somos","status":"publish","type":"page","link":"http:\/\/www.jucumnorte.com.ar\/es\/","title":{"rendered":"\u00bfQui\u00e9nes somos?"},"content":{"rendered":"<div class=\"entry\">\n<blockquote>\n<h3 style=\"text-align: center;\">\u00a0<\/h3>\n<\/blockquote>\n<p style=\"text-align: center;\">Somos una Misi\u00f3n con veintisiete a\u00f1os de residencia en la Ciudad de Corrientes, la cual conforma una red que est\u00e1 en m\u00e1s de 200 naciones y en Argentina en seis sitios: Ituzaing\u00f3 (Buenos Aires), Centro Nacional de Oraci\u00f3n (CABA), Puerto Madryn (Chubut), Mendoza, C\u00f3rdoba y Corrientes Capital.<\/p>\n<p style=\"text-align: center;\">Tenemos un enfoque social en nuestras actividades, basadas en la calidad integral del hombre \/ mujer teniendo como principal punto el reconocimiento de su identidad en Dios (ya que creemos en que el hombre fue creado en el imagen y semejanza de Dios) y las capacidades que \u00c9l nos ha otorgado,\u00a0 para lograr su m\u00e1ximo bienestar emocional, f\u00edsico, moral, social, econ\u00f3mico, entre otros.<\/p>\n<\/div>\n\n\n<figure class=\"wp-block-image aligncenter is-resized\"><img loading=\"lazy\" decoding=\"async\" width=\"403\" height=\"403\" src=\"http:\/\/www.jucumnorte.com.ar\/es\/wp-content\/uploads\/2023\/04\/603175_309311929180483_1540424320_n.jpg\" alt=\"\" class=\"wp-image-7913\" style=\"width:386px;height:386px\" srcset=\"http:\/\/www.jucumnorte.com.ar\/es\/wp-content\/uploads\/2023\/04\/603175_309311929180483_1540424320_n.jpg 403w, http:\/\/www.jucumnorte.com.ar\/es\/wp-content\/uploads\/2023\/04\/603175_309311929180483_1540424320_n-300x300.jpg 300w, http:\/\/www.jucumnorte.com.ar\/es\/wp-content\/uploads\/2023\/04\/603175_309311929180483_1540424320_n-150x150.jpg 150w, http:\/\/www.jucumnorte.com.ar\/es\/wp-content\/uploads\/2023\/04\/603175_309311929180483_1540424320_n-70x70.jpg 70w, http:\/\/www.jucumnorte.com.ar\/es\/wp-content\/uploads\/2023\/04\/603175_309311929180483_1540424320_n-80x80.jpg 80w\" sizes=\"auto, (max-width: 403px) 100vw, 403px\" \/><\/figure>\n\n\n\n<p class=\"has-text-align-center\">Estamos trabajando por medio de diferentes ministerios: Misericordia, King&#8217;s Kids (Generaci\u00f3n con Prop\u00f3sito),  Evangelismo, Discipulado y Plantaci\u00f3n de Iglesias, Educaci\u00f3n (Instituto Nueva Generaci\u00f3n), EMET Producciones, Radio Nueva Generaci\u00f3n, Connect Media (Redes Sociales), Estudios B\u00edblicos, CCART (Coraz\u00f3n Creativo del Arte), Producci\u00f3n Literaria, Construcci\u00f3n, Cocina y Alabanza.<\/p>\n\n\n\n<p class=\"has-text-align-center\"> Tambi\u00e9n tenemos cinco escuelas durante todo el a\u00f1o: Escuela de Discipulado y Formaci\u00f3n (EDE), Escuela de Arte en Misiones (EAMI), Escuela Intensiva de Estudios B\u00edblicos (EEBI), Escuela M\u00f3vil de Misiones Transculturales (EMMiT), Escuela de Rescate y Restauraci\u00f3n (formaci\u00f3n para trabajar en el \u00e1rea social y asesoramiento).<\/p>\n\n\n\n<p class=\"has-text-align-center\"><strong>Los directores<\/strong> de la base de JUCUM Corrientes son David y Mary Olivera.<\/p>\n\n\n\n<div id=\"wrapper-9cd199b9cc5410cd3b1ad21cab2e54d3\">\n\t\t<div id=\"map-9cd199b9cc5410cd3b1ad21cab2e54d3\"><\/div><script>(function () {\n        var setting = {\"height\":400,\"width\":400,\"zoom\":17,\"queryString\":\"JUCUM YWAM Corrientes, Cuba, Corrientes, Argentina\",\"place_id\":\"ChIJy3CRuDRqRZQR4WilbY_ou4k\",\"satellite\":false,\"centerCoord\":[-27.505853658268826,-58.7838399],\"cid\":\"0x89bbe88f6da568e1\",\"lang\":\"es\",\"cityUrl\":\"\/argentina\/corrientes-39433\",\"cityAnchorText\":\"Mapa de Corrientes, Central North-West Argentina, Argentina\",\"id\":\"map-9cd199b9cc5410cd3b1ad21cab2e54d3\",\"embed_id\":\"920856\"};\n        var d = document;\n        var s = d.createElement('script');\n        s.src = 'https:\/\/1map.com\/js\/script-for-user.js?embed_id=920856';\n        s.async = true;\n        s.onload = function (e) {\n          window.OneMap.initMap(setting)\n        };\n        var to = d.getElementsByTagName('script')[0];\n        to.parentNode.insertBefore(s, to);\n      })();<\/script><a href=\"https:\/\/1map.com\/es\/map-embed\">1 Map<\/a><\/div>\n\n\n\n<div class=\"wp-block-group alignfull has-contrast-color has-text-color is-vertical is-content-justification-center is-layout-flex wp-container-core-group-is-layout-f306f087 wp-block-group-is-layout-flex\" style=\"min-height:40vh;margin-top:0;margin-bottom:0;padding-top:var(--wp--preset--spacing--60);padding-right:var(--wp--preset--spacing--50);padding-bottom:var(--wp--preset--spacing--60);padding-left:var(--wp--preset--spacing--50)\">\n<p class=\"has-text-align-center has-medium-font-size\">Seguinos en redes sociales<\/p>\n\n\n\n<ul class=\"wp-block-social-links has-normal-icon-size is-style-default is-nowrap is-layout-flex wp-container-core-social-links-is-layout-65900438 wp-block-social-links-is-layout-flex\"><li class=\"wp-social-link wp-social-link-facebook  wp-block-social-link\"><a href=\"https:\/\/www.facebook.com\/profile.php?id=61550627583571&#038;mibextid=ZbWKwL\" class=\"wp-block-social-link-anchor\"><svg width=\"24\" height=\"24\" viewBox=\"0 0 24 24\" version=\"1.1\" xmlns=\"http:\/\/www.w3.org\/2000\/svg\" aria-hidden=\"true\" focusable=\"false\"><path d=\"M12 2C6.5 2 2 6.5 2 12c0 5 3.7 9.1 8.4 9.9v-7H7.9V12h2.5V9.8c0-2.5 1.5-3.9 3.8-3.9 1.1 0 2.2.2 2.2.2v2.5h-1.3c-1.2 0-1.6.8-1.6 1.6V12h2.8l-.4 2.9h-2.3v7C18.3 21.1 22 17 22 12c0-5.5-4.5-10-10-10z\"><\/path><\/svg><span class=\"wp-block-social-link-label screen-reader-text\">Facebook<\/span><\/a><\/li>\n\n<li class=\"wp-social-link wp-social-link-instagram  wp-block-social-link\"><a href=\"https:\/\/instagram.com\/jucumcorrientesargentina?igshid=YmMyMTA2M2Y=\" class=\"wp-block-social-link-anchor\"><svg width=\"24\" height=\"24\" viewBox=\"0 0 24 24\" version=\"1.1\" xmlns=\"http:\/\/www.w3.org\/2000\/svg\" aria-hidden=\"true\" focusable=\"false\"><path d=\"M12,4.622c2.403,0,2.688,0.009,3.637,0.052c0.877,0.04,1.354,0.187,1.671,0.31c0.42,0.163,0.72,0.358,1.035,0.673 c0.315,0.315,0.51,0.615,0.673,1.035c0.123,0.317,0.27,0.794,0.31,1.671c0.043,0.949,0.052,1.234,0.052,3.637 s-0.009,2.688-0.052,3.637c-0.04,0.877-0.187,1.354-0.31,1.671c-0.163,0.42-0.358,0.72-0.673,1.035 c-0.315,0.315-0.615,0.51-1.035,0.673c-0.317,0.123-0.794,0.27-1.671,0.31c-0.949,0.043-1.233,0.052-3.637,0.052 s-2.688-0.009-3.637-0.052c-0.877-0.04-1.354-0.187-1.671-0.31c-0.42-0.163-0.72-0.358-1.035-0.673 c-0.315-0.315-0.51-0.615-0.673-1.035c-0.123-0.317-0.27-0.794-0.31-1.671C4.631,14.688,4.622,14.403,4.622,12 s0.009-2.688,0.052-3.637c0.04-0.877,0.187-1.354,0.31-1.671c0.163-0.42,0.358-0.72,0.673-1.035 c0.315-0.315,0.615-0.51,1.035-0.673c0.317-0.123,0.794-0.27,1.671-0.31C9.312,4.631,9.597,4.622,12,4.622 M12,3 C9.556,3,9.249,3.01,8.289,3.054C7.331,3.098,6.677,3.25,6.105,3.472C5.513,3.702,5.011,4.01,4.511,4.511 c-0.5,0.5-0.808,1.002-1.038,1.594C3.25,6.677,3.098,7.331,3.054,8.289C3.01,9.249,3,9.556,3,12c0,2.444,0.01,2.751,0.054,3.711 c0.044,0.958,0.196,1.612,0.418,2.185c0.23,0.592,0.538,1.094,1.038,1.594c0.5,0.5,1.002,0.808,1.594,1.038 c0.572,0.222,1.227,0.375,2.185,0.418C9.249,20.99,9.556,21,12,21s2.751-0.01,3.711-0.054c0.958-0.044,1.612-0.196,2.185-0.418 c0.592-0.23,1.094-0.538,1.594-1.038c0.5-0.5,0.808-1.002,1.038-1.594c0.222-0.572,0.375-1.227,0.418-2.185 C20.99,14.751,21,14.444,21,12s-0.01-2.751-0.054-3.711c-0.044-0.958-0.196-1.612-0.418-2.185c-0.23-0.592-0.538-1.094-1.038-1.594 c-0.5-0.5-1.002-0.808-1.594-1.038c-0.572-0.222-1.227-0.375-2.185-0.418C14.751,3.01,14.444,3,12,3L12,3z M12,7.378 c-2.552,0-4.622,2.069-4.622,4.622S9.448,16.622,12,16.622s4.622-2.069,4.622-4.622S14.552,7.378,12,7.378z M12,15 c-1.657,0-3-1.343-3-3s1.343-3,3-3s3,1.343,3,3S13.657,15,12,15z M16.804,6.116c-0.596,0-1.08,0.484-1.08,1.08 s0.484,1.08,1.08,1.08c0.596,0,1.08-0.484,1.08-1.08S17.401,6.116,16.804,6.116z\"><\/path><\/svg><span class=\"wp-block-social-link-label screen-reader-text\">Instagram<\/span><\/a><\/li>\n\n<li class=\"wp-social-link wp-social-link-twitter  wp-block-social-link\"><a href=\"https:\/\/twitter.com\/CorrientesJucum?t=B9GsQYqthSr-ic2MgbGeeg&#038;s=08\" class=\"wp-block-social-link-anchor\"><svg width=\"24\" height=\"24\" viewBox=\"0 0 24 24\" version=\"1.1\" xmlns=\"http:\/\/www.w3.org\/2000\/svg\" aria-hidden=\"true\" focusable=\"false\"><path d=\"M22.23,5.924c-0.736,0.326-1.527,0.547-2.357,0.646c0.847-0.508,1.498-1.312,1.804-2.27 c-0.793,0.47-1.671,0.812-2.606,0.996C18.324,4.498,17.257,4,16.077,4c-2.266,0-4.103,1.837-4.103,4.103 c0,0.322,0.036,0.635,0.106,0.935C8.67,8.867,5.647,7.234,3.623,4.751C3.27,5.357,3.067,6.062,3.067,6.814 c0,1.424,0.724,2.679,1.825,3.415c-0.673-0.021-1.305-0.206-1.859-0.513c0,0.017,0,0.034,0,0.052c0,1.988,1.414,3.647,3.292,4.023 c-0.344,0.094-0.707,0.144-1.081,0.144c-0.264,0-0.521-0.026-0.772-0.074c0.522,1.63,2.038,2.816,3.833,2.85 c-1.404,1.1-3.174,1.756-5.096,1.756c-0.331,0-0.658-0.019-0.979-0.057c1.816,1.164,3.973,1.843,6.29,1.843 c7.547,0,11.675-6.252,11.675-11.675c0-0.178-0.004-0.355-0.012-0.531C20.985,7.47,21.68,6.747,22.23,5.924z\"><\/path><\/svg><span class=\"wp-block-social-link-label screen-reader-text\">Twitter<\/span><\/a><\/li>\n\n<li class=\"wp-social-link wp-social-link-youtube  wp-block-social-link\"><a href=\"https:\/\/www.youtube.com\/@JucumCorrientesArgentina\" class=\"wp-block-social-link-anchor\"><svg width=\"24\" height=\"24\" viewBox=\"0 0 24 24\" version=\"1.1\" xmlns=\"http:\/\/www.w3.org\/2000\/svg\" aria-hidden=\"true\" focusable=\"false\"><path d=\"M21.8,8.001c0,0-0.195-1.378-0.795-1.985c-0.76-0.797-1.613-0.801-2.004-0.847c-2.799-0.202-6.997-0.202-6.997-0.202 h-0.009c0,0-4.198,0-6.997,0.202C4.608,5.216,3.756,5.22,2.995,6.016C2.395,6.623,2.2,8.001,2.2,8.001S2,9.62,2,11.238v1.517 c0,1.618,0.2,3.237,0.2,3.237s0.195,1.378,0.795,1.985c0.761,0.797,1.76,0.771,2.205,0.855c1.6,0.153,6.8,0.201,6.8,0.201 s4.203-0.006,7.001-0.209c0.391-0.047,1.243-0.051,2.004-0.847c0.6-0.607,0.795-1.985,0.795-1.985s0.2-1.618,0.2-3.237v-1.517 C22,9.62,21.8,8.001,21.8,8.001z M9.935,14.594l-0.001-5.62l5.404,2.82L9.935,14.594z\"><\/path><\/svg><span class=\"wp-block-social-link-label screen-reader-text\">YouTube<\/span><\/a><\/li><\/ul>\n<\/div>\n","protected":false},"excerpt":{"rendered":"<p>\u00a0 Somos una Misi\u00f3n con veintisiete a\u00f1os de residencia en la Ciudad de Corrientes, la cual conforma una red que est\u00e1 en m\u00e1s de 200 naciones y en Argentina en seis sitios: Ituzaing\u00f3 (Buenos Aires), Centro Nacional de Oraci\u00f3n (CABA), Puerto Madryn (Chubut), Mendoza, C\u00f3rdoba y Corrientes Capital. Tenemos un enfoque social en nuestras actividades, [&hellip;]<\/p>\n","protected":false},"author":1,"featured_media":0,"parent":0,"menu_order":0,"comment_status":"closed","ping_status":"closed","template":"","meta":{"footnotes":""},"class_list":["post-2","page","type-page","status-publish","hentry"],"_links":{"self":[{"href":"http:\/\/www.jucumnorte.com.ar\/es\/wp-json\/wp\/v2\/pages\/2","targetHints":{"allow":["GET"]}}],"collection":[{"href":"http:\/\/www.jucumnorte.com.ar\/es\/wp-json\/wp\/v2\/pages"}],"about":[{"href":"http:\/\/www.jucumnorte.com.ar\/es\/wp-json\/wp\/v2\/types\/page"}],"author":[{"embeddable":true,"href":"http:\/\/www.jucumnorte.com.ar\/es\/wp-json\/wp\/v2\/users\/1"}],"replies":[{"embeddable":true,"href":"http:\/\/www.jucumnorte.com.ar\/es\/wp-json\/wp\/v2\/comments?post=2"}],"version-history":[{"count":2,"href":"http:\/\/www.jucumnorte.com.ar\/es\/wp-json\/wp\/v2\/pages\/2\/revisions"}],"predecessor-version":[{"id":8665,"href":"http:\/\/www.jucumnorte.com.ar\/es\/wp-json\/wp\/v2\/pages\/2\/revisions\/8665"}],"wp:attachment":[{"href":"http:\/\/www.jucumnorte.com.ar\/es\/wp-json\/wp\/v2\/media?parent=2"}],"curies":[{"name":"wp","href":"https:\/\/api.w.org\/{rel}","templated":true}]}}