{"id":1188,"date":"2010-02-23T15:26:42","date_gmt":"2010-02-23T18:26:42","guid":{"rendered":"http:\/\/www.jucumnorte.com.ar\/es\/?page_id=1188"},"modified":"2024-04-30T19:26:17","modified_gmt":"2024-04-30T22:26:17","slug":"estudios-biblicos","status":"publish","type":"page","link":"https:\/\/www.jucumnorte.com.ar\/es\/ministerios\/estudios-biblicos\/","title":{"rendered":"Estudios B\u00edblicos"},"content":{"rendered":"<h6>A\u00d1O DE APERTURA: 2004<\/h6>\n\n<p>\u00a0<\/p>\n<p>Nuestra <strong>VISI\u00d3N<\/strong> es que La Biblia llegue a cada rinc\u00f3n de la tierra en el idioma materno de cada individuo.<\/p>\t\t\n\t\t\t\t\t\t\t\t\t\t\t\t\t<img loading=\"lazy\" decoding=\"async\" width=\"1024\" height=\"768\" src=\"http:\/\/www.jucumnorte.com.ar\/es\/wp-content\/uploads\/2024\/04\/est1.png\" alt=\"\" srcset=\"https:\/\/www.jucumnorte.com.ar\/es\/wp-content\/uploads\/2024\/04\/est1.png 1024w, https:\/\/www.jucumnorte.com.ar\/es\/wp-content\/uploads\/2024\/04\/est1-300x225.png 300w, https:\/\/www.jucumnorte.com.ar\/es\/wp-content\/uploads\/2024\/04\/est1-768x576.png 768w\" sizes=\"auto, (max-width: 1024px) 100vw, 1024px\" \/>\t\t\t\t\t\t\t\t\t\t\t\t\t\n\t\t\t\t\t\t\t\t\t\t\t\t\t<img loading=\"lazy\" decoding=\"async\" width=\"936\" height=\"702\" src=\"http:\/\/www.jucumnorte.com.ar\/es\/wp-content\/uploads\/2024\/04\/est3.jpg\" alt=\"\" srcset=\"https:\/\/www.jucumnorte.com.ar\/es\/wp-content\/uploads\/2024\/04\/est3.jpg 936w, https:\/\/www.jucumnorte.com.ar\/es\/wp-content\/uploads\/2024\/04\/est3-300x225.jpg 300w, https:\/\/www.jucumnorte.com.ar\/es\/wp-content\/uploads\/2024\/04\/est3-768x576.jpg 768w\" sizes=\"auto, (max-width: 936px) 100vw, 936px\" \/>\t\t\t\t\t\t\t\t\t\t\t\t\t\n\t\t\t\t\t\t\t\t\t\t\t\t\t<img loading=\"lazy\" decoding=\"async\" width=\"518\" height=\"879\" src=\"http:\/\/www.jucumnorte.com.ar\/es\/wp-content\/uploads\/2024\/04\/est2-e1714515488336.jpg\" alt=\"\" srcset=\"https:\/\/www.jucumnorte.com.ar\/es\/wp-content\/uploads\/2024\/04\/est2-e1714515488336.jpg 518w, https:\/\/www.jucumnorte.com.ar\/es\/wp-content\/uploads\/2024\/04\/est2-e1714515488336-177x300.jpg 177w\" sizes=\"auto, (max-width: 518px) 100vw, 518px\" \/>\t\t\t\t\t\t\t\t\t\t\t\t\t\n\t\t<p>La <strong>MISI\u00d3N<\/strong> es propiciar las herramientas para que los creyentes aprendan a estudiar, interpretar y aplicar la Palabra de Dios a sus vidas, para proclamarla a la sociedad a trav\u00e9s de diversas formas<\/p><h6>ESTAD\u00cdSTICA DE ALCANCE:<\/h6>\n<ul>\n<li>\n<p>Desde el a\u00f1o 2004 hemos realizado dos Escuelas de Estudios B\u00edblicos Intensivo al a\u00f1o.<\/p>\n<\/li>\n<li>\n<p>M\u00e1s de 2000 alumnos han pasado por nuestras aulas a trav\u00e9s de escuelas de estudio b\u00edblico y seminarios.<\/p>\n<\/li>\n<li>\n<p>Hemos creado material educativo b\u00edblico dirigido a maestros y padres.<\/p>\n<\/li>\n<\/ul>\t\t\n\t\t\t\t\t\t\t\t\t\t\t\t\t<img loading=\"lazy\" decoding=\"async\" width=\"1024\" height=\"768\" src=\"http:\/\/www.jucumnorte.com.ar\/es\/wp-content\/uploads\/2024\/04\/est4-1024x768.jpg\" alt=\"\" srcset=\"https:\/\/www.jucumnorte.com.ar\/es\/wp-content\/uploads\/2024\/04\/est4-1024x768.jpg 1024w, https:\/\/www.jucumnorte.com.ar\/es\/wp-content\/uploads\/2024\/04\/est4-300x225.jpg 300w, https:\/\/www.jucumnorte.com.ar\/es\/wp-content\/uploads\/2024\/04\/est4-768x576.jpg 768w, https:\/\/www.jucumnorte.com.ar\/es\/wp-content\/uploads\/2024\/04\/est4.jpg 1080w\" sizes=\"auto, (max-width: 1024px) 100vw, 1024px\" \/>\t\t\t\t\t\t\t\t\t\t\t\t\t\n\t\t\t\t\t\t\t\t\t\t\t\t\t<img loading=\"lazy\" decoding=\"async\" width=\"820\" height=\"1024\" src=\"http:\/\/www.jucumnorte.com.ar\/es\/wp-content\/uploads\/2024\/04\/est5-820x1024.jpg\" alt=\"\" srcset=\"https:\/\/www.jucumnorte.com.ar\/es\/wp-content\/uploads\/2024\/04\/est5-820x1024.jpg 820w, https:\/\/www.jucumnorte.com.ar\/es\/wp-content\/uploads\/2024\/04\/est5-240x300.jpg 240w, https:\/\/www.jucumnorte.com.ar\/es\/wp-content\/uploads\/2024\/04\/est5-768x959.jpg 768w, https:\/\/www.jucumnorte.com.ar\/es\/wp-content\/uploads\/2024\/04\/est5.jpg 844w\" sizes=\"auto, (max-width: 820px) 100vw, 820px\" \/>\t\t\t\t\t\t\t\t\t\t\t\t\t\n\t\t<p><strong><u>Staff: <\/u><\/strong><\/p>\n<ul>\n<li>\n<p>Nat\u00e1n Olivera.<\/p>\n<\/li>\n<li>\n<p>Alexis Olivera.<\/p>\n<\/li>\n<li>\n<p>Katerine G\u00f3mez Alcayaga.<\/p>\n<\/li>\n<\/ul>\n<h6>DIRECTOR: David Olivera, pastor, director de JUCUM Corrientes y maestro b\u00edblico.<\/h6><h6>Cont\u00e1ctanos:\u00a0<\/h6>\n<p>Correo: eebiargentina@gmail.com<\/p>\t\t\n\t\t\t\t\t<a href=\"https:\/\/wa.me\/5493795103843?text=\u00a1Hola!%20Me%20gustar\u00eda%20recibir%20informaci\u00f3n%20acerca%20del%20Ministerio%20de%20Estudios%20B\u00edblicos.\" target=\"_blank\" rel=\"noopener\">\n\t\t\t\t\t\tWhatsapp\n\t\t\t\t\t\t\t\t\t\t\t<\/a>\n\t\t\t\t\t<a href=\"https:\/\/www.facebook.com\/eebi.jucumnorte?mibextid=ZbWKwL\" target=\"_blank\" rel=\"noopener\">\n\t\t\t\t\t\tFacebook\n\t\t\t\t\t\t\t\t\t\t\t<\/a>","protected":false},"excerpt":{"rendered":"<p>A\u00d1O DE APERTURA: 2004 \u00a0 Nuestra VISI\u00d3N es que La Biblia llegue a cada rinc\u00f3n de la tierra en el idioma materno de cada individuo. La MISI\u00d3N es propiciar las herramientas para que los creyentes aprendan a estudiar, interpretar y aplicar la Palabra de Dios a sus vidas, para proclamarla a la sociedad a trav\u00e9s [&hellip;]<\/p>\n","protected":false},"author":1,"featured_media":0,"parent":64,"menu_order":0,"comment_status":"closed","ping_status":"open","template":"","meta":{"footnotes":""},"class_list":["post-1188","page","type-page","status-publish","hentry"],"_links":{"self":[{"href":"https:\/\/www.jucumnorte.com.ar\/es\/wp-json\/wp\/v2\/pages\/1188","targetHints":{"allow":["GET"]}}],"collection":[{"href":"https:\/\/www.jucumnorte.com.ar\/es\/wp-json\/wp\/v2\/pages"}],"about":[{"href":"https:\/\/www.jucumnorte.com.ar\/es\/wp-json\/wp\/v2\/types\/page"}],"author":[{"embeddable":true,"href":"https:\/\/www.jucumnorte.com.ar\/es\/wp-json\/wp\/v2\/users\/1"}],"replies":[{"embeddable":true,"href":"https:\/\/www.jucumnorte.com.ar\/es\/wp-json\/wp\/v2\/comments?post=1188"}],"version-history":[{"count":25,"href":"https:\/\/www.jucumnorte.com.ar\/es\/wp-json\/wp\/v2\/pages\/1188\/revisions"}],"predecessor-version":[{"id":8483,"href":"https:\/\/www.jucumnorte.com.ar\/es\/wp-json\/wp\/v2\/pages\/1188\/revisions\/8483"}],"up":[{"embeddable":true,"href":"https:\/\/www.jucumnorte.com.ar\/es\/wp-json\/wp\/v2\/pages\/64"}],"wp:attachment":[{"href":"https:\/\/www.jucumnorte.com.ar\/es\/wp-json\/wp\/v2\/media?parent=1188"}],"curies":[{"name":"wp","href":"https:\/\/api.w.org\/{rel}","templated":true}]}}