{"id":130,"date":"2006-06-23T16:33:04","date_gmt":"2006-06-23T19:33:04","guid":{"rendered":"http:\/\/www.jucumnorte.com.ar\/es\/ministerios\/arte\/"},"modified":"2025-04-22T12:23:26","modified_gmt":"2025-04-22T15:23:26","slug":"arte","status":"publish","type":"page","link":"https:\/\/www.jucumnorte.com.ar\/es\/ministerios\/arte\/","title":{"rendered":"CCART (Coraz\u00f3n Creativo del Arte)"},"content":{"rendered":"<h6>A\u00d1O DE APERTURA: 2001<\/h6>\n<p>Nuestra <strong>MISI\u00d3N<\/strong> es influenciar y transformar a trav\u00e9s de un arte lleno de valores, concientizaci\u00f3n y mensajes de esperanza y vida, dirigida a la ni\u00f1ez, la juventud y a la sociedad en general. La primer y principal inspiraci\u00f3n que tenemos\u00a0 viene del Artista por excelencia, el Creador; due\u00f1o de toda creatividad, nuestro Dios todopoderoso.<\/p>\n\n\n\n\n\n<ul class=\"is-layout-flex wp-block-social-links-is-layout-flex is-layout-constrained wp-block-group-is-layout-constrained is-layout-flow wp-block-column-is-layout-flow wp-container-core-columns-is-layout-28f84493 wp-block-columns-is-layout-flex\"><li class=\"wp-social-link wp-social-link-instagram  wp-block-social-link\"><a href=\"https:\/\/www.instagram.com\/corazon_creativo_del_arte?igsh=aTExYnpnZXl1ZGVw\" class=\"wp-block-social-link-anchor\"><svg width=\"24\" height=\"24\" viewBox=\"0 0 24 24\" version=\"1.1\" xmlns=\"http:\/\/www.w3.org\/2000\/svg\" aria-hidden=\"true\" focusable=\"false\"><path d=\"M12,4.622c2.403,0,2.688,0.009,3.637,0.052c0.877,0.04,1.354,0.187,1.671,0.31c0.42,0.163,0.72,0.358,1.035,0.673 c0.315,0.315,0.51,0.615,0.673,1.035c0.123,0.317,0.27,0.794,0.31,1.671c0.043,0.949,0.052,1.234,0.052,3.637 s-0.009,2.688-0.052,3.637c-0.04,0.877-0.187,1.354-0.31,1.671c-0.163,0.42-0.358,0.72-0.673,1.035 c-0.315,0.315-0.615,0.51-1.035,0.673c-0.317,0.123-0.794,0.27-1.671,0.31c-0.949,0.043-1.233,0.052-3.637,0.052 s-2.688-0.009-3.637-0.052c-0.877-0.04-1.354-0.187-1.671-0.31c-0.42-0.163-0.72-0.358-1.035-0.673 c-0.315-0.315-0.51-0.615-0.673-1.035c-0.123-0.317-0.27-0.794-0.31-1.671C4.631,14.688,4.622,14.403,4.622,12 s0.009-2.688,0.052-3.637c0.04-0.877,0.187-1.354,0.31-1.671c0.163-0.42,0.358-0.72,0.673-1.035 c0.315-0.315,0.615-0.51,1.035-0.673c0.317-0.123,0.794-0.27,1.671-0.31C9.312,4.631,9.597,4.622,12,4.622 M12,3 C9.556,3,9.249,3.01,8.289,3.054C7.331,3.098,6.677,3.25,6.105,3.472C5.513,3.702,5.011,4.01,4.511,4.511 c-0.5,0.5-0.808,1.002-1.038,1.594C3.25,6.677,3.098,7.331,3.054,8.289C3.01,9.249,3,9.556,3,12c0,2.444,0.01,2.751,0.054,3.711 c0.044,0.958,0.196,1.612,0.418,2.185c0.23,0.592,0.538,1.094,1.038,1.594c0.5,0.5,1.002,0.808,1.594,1.038 c0.572,0.222,1.227,0.375,2.185,0.418C9.249,20.99,9.556,21,12,21s2.751-0.01,3.711-0.054c0.958-0.044,1.612-0.196,2.185-0.418 c0.592-0.23,1.094-0.538,1.594-1.038c0.5-0.5,0.808-1.002,1.038-1.594c0.222-0.572,0.375-1.227,0.418-2.185 C20.99,14.751,21,14.444,21,12s-0.01-2.751-0.054-3.711c-0.044-0.958-0.196-1.612-0.418-2.185c-0.23-0.592-0.538-1.094-1.038-1.594 c-0.5-0.5-1.002-0.808-1.594-1.038c-0.572-0.222-1.227-0.375-2.185-0.418C14.751,3.01,14.444,3,12,3L12,3z M12,7.378 c-2.552,0-4.622,2.069-4.622,4.622S9.448,16.622,12,16.622s4.622-2.069,4.622-4.622S14.552,7.378,12,7.378z M12,15 c-1.657,0-3-1.343-3-3s1.343-3,3-3s3,1.343,3,3S13.657,15,12,15z M16.804,6.116c-0.596,0-1.08,0.484-1.08,1.08 s0.484,1.08,1.08,1.08c0.596,0,1.08-0.484,1.08-1.08S17.401,6.116,16.804,6.116z\"><\/path><\/svg><span class=\"wp-block-social-link-label screen-reader-text\">Instagram<\/span><\/a><\/li><li class=\"wp-social-link wp-social-link-facebook  wp-block-social-link\"><a href=\"https:\/\/www.facebook.com\/corazoncreativodelarte?mibextid=ZbWKwL\" class=\"wp-block-social-link-anchor\"><svg width=\"24\" height=\"24\" viewBox=\"0 0 24 24\" version=\"1.1\" xmlns=\"http:\/\/www.w3.org\/2000\/svg\" aria-hidden=\"true\" focusable=\"false\"><path d=\"M12 2C6.5 2 2 6.5 2 12c0 5 3.7 9.1 8.4 9.9v-7H7.9V12h2.5V9.8c0-2.5 1.5-3.9 3.8-3.9 1.1 0 2.2.2 2.2.2v2.5h-1.3c-1.2 0-1.6.8-1.6 1.6V12h2.8l-.4 2.9h-2.3v7C18.3 21.1 22 17 22 12c0-5.5-4.5-10-10-10z\"><\/path><\/svg><span class=\"wp-block-social-link-label screen-reader-text\">Facebook<\/span><\/a><\/li><\/ul>\n\n\n\n\n\t\t\n\t\t\t\t\t\t\t\t<figure><img decoding=\"async\" src=\"http:\/\/www.jucumnorte.com.ar\/es\/wp-content\/uploads\/2025\/04\/photo_4917957894788460514_y-150x150.jpg\" alt=\"photo_4917957894788460514_y\" \/><\/figure><figure><img decoding=\"async\" src=\"http:\/\/www.jucumnorte.com.ar\/es\/wp-content\/uploads\/2025\/04\/photo_4917957894788460515_x-150x150.jpg\" alt=\"photo_4917957894788460515_x\" \/><\/figure><figure><img decoding=\"async\" src=\"http:\/\/www.jucumnorte.com.ar\/es\/wp-content\/uploads\/2025\/04\/photo_4917957894788460516_y-150x150.jpg\" alt=\"photo_4917957894788460516_y\" \/><\/figure><figure><img decoding=\"async\" src=\"http:\/\/www.jucumnorte.com.ar\/es\/wp-content\/uploads\/2024\/05\/307548214_3274679556181968_6779214378841095269_n-150x150.jpg\" alt=\"307548214_3274679556181968_6779214378841095269_n\" \/><\/figure>\t\t\t\n\t\t<h6><strong>Actividades:<\/strong><\/h6>\n<p><!-- \/wp:post-content --><!-- wp:list --><\/p>\n<ul><!-- wp:list-item -->\n<li>\n<p>Evangelismo a trav\u00e9s de teatro, clown, arte circense (acrobacias, pirofagia, acrotela, zancos, malabares), estatuas vivientes entre otros.<\/p>\n<\/li>\n<!-- \/wp:list-item --><!-- wp:list-item -->\n<li>\n<p>Talleres de disciplinas art\u00edsticas.<\/p>\n<\/li>\n<!-- \/wp:list-item --><!-- wp:list-item -->\n<li>\n<p>Escuela de Arte (EAMI).<\/p>\n<\/li>\n<\/ul>\t\t\n\t\t\t\t\t\t\t\t\t\t\t\t\t<img loading=\"lazy\" decoding=\"async\" width=\"1024\" height=\"683\" src=\"http:\/\/www.jucumnorte.com.ar\/es\/wp-content\/uploads\/2024\/03\/IMG_4683-1024x683.jpg\" alt=\"\" srcset=\"https:\/\/www.jucumnorte.com.ar\/es\/wp-content\/uploads\/2024\/03\/IMG_4683-1024x683.jpg 1024w, https:\/\/www.jucumnorte.com.ar\/es\/wp-content\/uploads\/2024\/03\/IMG_4683-300x200.jpg 300w, https:\/\/www.jucumnorte.com.ar\/es\/wp-content\/uploads\/2024\/03\/IMG_4683-768x512.jpg 768w, https:\/\/www.jucumnorte.com.ar\/es\/wp-content\/uploads\/2024\/03\/IMG_4683-1536x1024.jpg 1536w, https:\/\/www.jucumnorte.com.ar\/es\/wp-content\/uploads\/2024\/03\/IMG_4683-2048x1365.jpg 2048w\" sizes=\"auto, (max-width: 1024px) 100vw, 1024px\" \/>\t\t\t\t\t\t\t\t\t\t\t\t\t\n\t\t\t\t\t\t\t\t\t\t\t\t\t<img loading=\"lazy\" decoding=\"async\" width=\"1024\" height=\"832\" src=\"http:\/\/www.jucumnorte.com.ar\/es\/wp-content\/uploads\/2024\/03\/IMG_4609-1024x832.jpg\" alt=\"\" srcset=\"https:\/\/www.jucumnorte.com.ar\/es\/wp-content\/uploads\/2024\/03\/IMG_4609-1024x832.jpg 1024w, https:\/\/www.jucumnorte.com.ar\/es\/wp-content\/uploads\/2024\/03\/IMG_4609-300x244.jpg 300w, https:\/\/www.jucumnorte.com.ar\/es\/wp-content\/uploads\/2024\/03\/IMG_4609-768x624.jpg 768w, https:\/\/www.jucumnorte.com.ar\/es\/wp-content\/uploads\/2024\/03\/IMG_4609-1536x1248.jpg 1536w\" sizes=\"auto, (max-width: 1024px) 100vw, 1024px\" \/>\t\t\t\t\t\t\t\t\t\t\t\t\t\n\t\t<p><strong>Alcance:<\/strong><\/p>\n<p>\u00a0<\/p>\n<p>Como ministerio, a trav\u00e9s de los trabajos que hemos llevado a cabo y que han alcanzado multitudes, es muy dif\u00edcil saber con precisi\u00f3n cu\u00e1l ha sido el alcance real que hemos tenido hasta la actualidad.<\/p>\n<p>\u00a0<\/p>\n<p>Midiendo anualmente el trabajo concreto que realizamos, llegamos a la conclusi\u00f3n que nuestro m\u00e1s grande alcance ense\u00f1ando y llevando el mensaje del evangelio a trav\u00e9s de las Artes est\u00e1 enfocado en su mayor\u00eda hacia la ni\u00f1ez entre los 4 y 12 a\u00f1os de edad aproximadamente. M\u00e1s no est\u00e1 limitado al mismo, sino que tambi\u00e9n, hemos alcanzado a adolescentes, j\u00f3venes y adultos.<\/p>\n<p>\u00a0<\/p>\n<p>El a\u00f1o pasado (2024) aproximadamente alcanzamos a 1.000 personas, a trav\u00e9s de las distintas actividades realizadas.<\/p><p><strong>Equipo Actual (STAFF):<\/strong><\/p>\n<p>\u00a0<\/p>\n<p>Brian, Dulce, Isaac, Jony, Aldo, Javier, Andr\u00e9s, Ricky.<\/p>\n<p><strong>L\u00edderes<\/strong>: Facundo Zeballos y Dami\u00e1n Compay.<\/p>\n<p>\u00a0<\/p>\n<p>\u00a0<\/p>\t\t\n\t\t\t\t\t<a href=\"https:\/\/www.facebook.com\/share\/16C1WjUwQS\/\" target=\"_blank\">\n\t\t\t\t\t\tFacebook\n\t\t\t\t\t\t\t\t\t\t\t<\/a>\n\t\t\t\t\t<a href=\"https:\/\/www.instagram.com\/corazon_creativo_del_arte\/\" target=\"_blank\">\n\t\t\t\t\t\tInstagram\n\t\t\t\t\t\t\t\t\t\t\t<\/a>\n\t\t\t\t\t<a href=\"http:\/\/coraz\u00f3ncreativodelartejucum@gmail.com\" target=\"_blank\">\n\t\t\t\t\t\tEnvelope\n\t\t\t\t\t\t\t\t\t\t\t<\/a>\n\t\t\t\t\t<a href=\"http:\/\/+54%203794756615\" rel=\"nofollow\" 0=\"\">\n\t\t\t\t\t\tWhatsapp-square\n\t\t\t\t\t\t\t\t\t\t\t<\/a><!-- \/wp:list-item -->","protected":false},"excerpt":{"rendered":"<p>A\u00d1O DE APERTURA: 2001 Nuestra MISI\u00d3N es influenciar y transformar a trav\u00e9s de un arte lleno de valores, concientizaci\u00f3n y mensajes de esperanza y vida, dirigida a la ni\u00f1ez, la juventud y a la sociedad en general. La primer y principal inspiraci\u00f3n que tenemos\u00a0 viene del Artista por excelencia, el Creador; due\u00f1o de toda creatividad, [&hellip;]<\/p>\n","protected":false},"author":1,"featured_media":0,"parent":64,"menu_order":0,"comment_status":"closed","ping_status":"open","template":"","meta":{"footnotes":""},"class_list":["post-130","page","type-page","status-publish","hentry"],"_links":{"self":[{"href":"https:\/\/www.jucumnorte.com.ar\/es\/wp-json\/wp\/v2\/pages\/130","targetHints":{"allow":["GET"]}}],"collection":[{"href":"https:\/\/www.jucumnorte.com.ar\/es\/wp-json\/wp\/v2\/pages"}],"about":[{"href":"https:\/\/www.jucumnorte.com.ar\/es\/wp-json\/wp\/v2\/types\/page"}],"author":[{"embeddable":true,"href":"https:\/\/www.jucumnorte.com.ar\/es\/wp-json\/wp\/v2\/users\/1"}],"replies":[{"embeddable":true,"href":"https:\/\/www.jucumnorte.com.ar\/es\/wp-json\/wp\/v2\/comments?post=130"}],"version-history":[{"count":12,"href":"https:\/\/www.jucumnorte.com.ar\/es\/wp-json\/wp\/v2\/pages\/130\/revisions"}],"predecessor-version":[{"id":8655,"href":"https:\/\/www.jucumnorte.com.ar\/es\/wp-json\/wp\/v2\/pages\/130\/revisions\/8655"}],"up":[{"embeddable":true,"href":"https:\/\/www.jucumnorte.com.ar\/es\/wp-json\/wp\/v2\/pages\/64"}],"wp:attachment":[{"href":"https:\/\/www.jucumnorte.com.ar\/es\/wp-json\/wp\/v2\/media?parent=130"}],"curies":[{"name":"wp","href":"https:\/\/api.w.org\/{rel}","templated":true}]}}