{"id":2359,"date":"2011-04-05T14:13:01","date_gmt":"2011-04-05T17:13:01","guid":{"rendered":"http:\/\/www.jucumnorte.com.ar\/es\/"},"modified":"2020-07-08T19:15:16","modified_gmt":"2020-07-08T22:15:16","slug":"escuela-de-moda-y-diseno","status":"publish","type":"page","link":"https:\/\/www.jucumnorte.com.ar\/es\/escuelas\/escuela-de-moda-y-diseno\/","title":{"rendered":"Moda y Dise\u00f1o en Misiones"},"content":{"rendered":"<blockquote>\n<p style=\"text-align: center;\">MODA Y DISE\u00d1O EN MISIONES<\/p>\n<p><a href=\"http:\/\/www.jucumnorte.com.ar\/es\/..\/wp-content\/2018\/05\/WhatsApp-Image-2018-05-03-at-19.01.24.jpeg\"><img loading=\"lazy\" decoding=\"async\" class=\"aligncenter wp-image-6831\" src=\"http:\/\/www.jucumnorte.com.ar\/es\/..\/wp-content\/2018\/05\/WhatsApp-Image-2018-05-03-at-19.01.24-682x1024.jpeg\" alt=\"\" width=\"510\" height=\"765\" srcset=\"https:\/\/www.jucumnorte.com.ar\/es\/wp-content\/uploads\/2018\/05\/WhatsApp-Image-2018-05-03-at-19.01.24-682x1024.jpeg 682w, https:\/\/www.jucumnorte.com.ar\/es\/wp-content\/uploads\/2018\/05\/WhatsApp-Image-2018-05-03-at-19.01.24-200x300.jpeg 200w, https:\/\/www.jucumnorte.com.ar\/es\/wp-content\/uploads\/2018\/05\/WhatsApp-Image-2018-05-03-at-19.01.24-768x1152.jpeg 768w, https:\/\/www.jucumnorte.com.ar\/es\/wp-content\/uploads\/2018\/05\/WhatsApp-Image-2018-05-03-at-19.01.24.jpeg 787w\" sizes=\"auto, (max-width: 510px) 100vw, 510px\" \/><\/a><\/p>\n<p style=\"text-align: center;\">\n<\/blockquote>\n<p style=\"text-align: center;\"><a href=\"http:\/\/www.jucumnorte.com.ar\/es\/..\/wp-content\/2011\/04\/emodim-12.jpg\"><img loading=\"lazy\" decoding=\"async\" class=\"aligncenter wp-image-5394\" src=\"http:\/\/www.jucumnorte.com.ar\/es\/..\/wp-content\/2011\/04\/emodim-12-1024x519.jpg\" alt=\"emodim 1\" width=\"603\" height=\"306\" srcset=\"https:\/\/www.jucumnorte.com.ar\/es\/wp-content\/uploads\/2011\/04\/emodim-12-1024x519.jpg 1024w, https:\/\/www.jucumnorte.com.ar\/es\/wp-content\/uploads\/2011\/04\/emodim-12-300x152.jpg 300w\" sizes=\"auto, (max-width: 603px) 100vw, 603px\" \/><\/a><\/p>\n<blockquote>\n<p style=\"text-align: center;\">\n<\/blockquote>\n<p style=\"text-align: center;\"><strong>Visi\u00f3n de la Escuela de Moda y Dise\u00f1o en Misiones<\/strong>: Formar y Capacitar al alumno para discipular e influenciar con valores y principios atreves de la moda y el dise\u00f1o; a esta \u00e1rea, a la sociedad y a las naciones.<\/p>\n<div style=\"text-align: center;\">&nbsp;&#8230;&#8230;&#8230;&#8230;..<\/div>\n<blockquote>\n<div>La Escuela&nbsp; se ofrece \u00fanicamente en la ciudad de Corrientes Capital, Argentina y tiene duraci\u00f3n de tres mes te\u00f3ricos donde el alumno aprender\u00e1 temas tales como:<\/div>\n<\/blockquote>\n<ul>\n<li>Historia de la moda<\/li>\n<li>An\u00e1lisis de Tendencias<\/li>\n<li>An\u00e1lisis de Culturas<\/li>\n<li>Costura<\/li>\n<li>Molder\u00eda, Dibujo y Pintura<\/li>\n<li>Moda en las Misiones<\/li>\n<li>Identidad<\/li>\n<li>y mucho m\u00e1s relacionado con el \u00e1rea de la MODA y DISE\u00d1O<\/li>\n<\/ul>\n<p style=\"text-align: center;\"><em>Realizaci\u00f3n de trabajos pr\u00e1cticos variados<\/em><\/p>\n<p style=\"text-align: center;\"><a href=\"http:\/\/www.jucumnorte.com.ar\/es\/..\/wp-content\/2011\/04\/emodim-52.jpg\"><br \/>\n<img loading=\"lazy\" decoding=\"async\" class=\"aligncenter wp-image-5398\" src=\"http:\/\/www.jucumnorte.com.ar\/es\/..\/wp-content\/2011\/04\/emodim-52-1024x689.jpg\" alt=\"emodim 5\" width=\"602\" height=\"405\" srcset=\"https:\/\/www.jucumnorte.com.ar\/es\/wp-content\/uploads\/2011\/04\/emodim-52-1024x689.jpg 1024w, https:\/\/www.jucumnorte.com.ar\/es\/wp-content\/uploads\/2011\/04\/emodim-52-300x202.jpg 300w\" sizes=\"auto, (max-width: 602px) 100vw, 602px\" \/><\/a><em>Dise\u00f1os de Oto\u00f1o-Invierno<\/em><\/p>\n<p style=\"text-align: center;\"><a href=\"http:\/\/www.jucumnorte.com.ar\/es\/..\/wp-content\/2011\/04\/emodim-62.jpg\"><img loading=\"lazy\" decoding=\"async\" class=\"aligncenter wp-image-5399\" src=\"http:\/\/www.jucumnorte.com.ar\/es\/..\/wp-content\/2011\/04\/emodim-62-1024x696.jpg\" alt=\"emodim 6\" width=\"602\" height=\"409\" srcset=\"https:\/\/www.jucumnorte.com.ar\/es\/wp-content\/uploads\/2011\/04\/emodim-62-1024x696.jpg 1024w, https:\/\/www.jucumnorte.com.ar\/es\/wp-content\/uploads\/2011\/04\/emodim-62-300x204.jpg 300w\" sizes=\"auto, (max-width: 602px) 100vw, 602px\" \/><\/a><em>Mini desfile realizado por los estudiantes<\/em><\/p>\n<p style=\"text-align: center;\">El proyecto final de la escuela es presentar tus dise\u00f1o \u00fanicos de ropa en la pasarela de un verdadero desfile de moda.<\/p>\n<blockquote>\n<p style=\"text-align: center;\"><img loading=\"lazy\" decoding=\"async\" class=\"aligncenter wp-image-5390\" src=\"http:\/\/www.jucumnorte.com.ar\/es\/..\/wp-content\/2006\/06\/11149273_392244974312238_6489296301313309171_n.jpg\" alt=\"11149273_392244974312238_6489296301313309171_n\" width=\"628\" height=\"418\" srcset=\"https:\/\/www.jucumnorte.com.ar\/es\/wp-content\/uploads\/2006\/06\/11149273_392244974312238_6489296301313309171_n.jpg 960w, https:\/\/www.jucumnorte.com.ar\/es\/wp-content\/uploads\/2006\/06\/11149273_392244974312238_6489296301313309171_n-300x200.jpg 300w\" sizes=\"auto, (max-width: 628px) 100vw, 628px\" \/><em>Desfile en el a\u00f1o 2014 en Campinas, Brasil.<\/em><\/p>\n<\/blockquote>\n<p style=\"text-align: center;\">Al cumplir los tres meses te\u00f3ricos, el alumno tiene la opci\u00f3n de trabajar con el Ministerio de Arte de JuCUM Norte en un tiempo de Residencia, poniendo en pr\u00e1ctico todo lo aprendido y desarroll\u00e1ndose m\u00e1s en el \u00e1rea de la Moda y en su llamado ministerial.<\/p>\n<p style=\"text-align: center;\"><a href=\"http:\/\/www.jucumnorte.com.ar\/es\/..\/wp-content\/2011\/04\/emodim-33.jpg\"><img loading=\"lazy\" decoding=\"async\" class=\"aligncenter wp-image-5396\" src=\"http:\/\/www.jucumnorte.com.ar\/es\/..\/wp-content\/2011\/04\/emodim-33-1024x525.jpg\" alt=\"emodim 3\" width=\"603\" height=\"309\" srcset=\"https:\/\/www.jucumnorte.com.ar\/es\/wp-content\/uploads\/2011\/04\/emodim-33-1024x525.jpg 1024w, https:\/\/www.jucumnorte.com.ar\/es\/wp-content\/uploads\/2011\/04\/emodim-33-300x154.jpg 300w\" sizes=\"auto, (max-width: 603px) 100vw, 603px\" \/><\/a><\/p>\n<p style=\"text-align: center;\">Esta escuela tiene como requisito haber hecho previamente una Escuela de Discipulado y Entrenamiento (EDE) con JuCUM, caso a lo contrario, escribanos.<\/p>\n<p>Para mayor informaci\u00f3n acerca de c\u00f3mo puedes desarrollar tu llamado a la industria de la moda!!!<\/p>\n<p><strong>Email:<\/strong> emodisctes@hotmail.com<br \/>\n<strong>Facebook:<\/strong>&nbsp;<a href=\"https:\/\/www.facebook.com\/pages\/Escuela-de-Moda-y-Dise%C3%B1o-en-Misiones\/255683971301673?fref=ts\">Escuela de Moda y Dise\u00f1o en Misiones<\/a><br \/>\nEscuela en Curso.<\/p>\n<p><iframe loading=\"lazy\" width=\"480\" height=\"270\" src=\"https:\/\/www.ustream.tv\/embed\/23924475\" scrolling=\"no\" allowfullscreen=\"\" webkitallowfullscreen=\"\" frameborder=\"0\" style=\"border: 0 none transparent;\"><\/iframe><\/p>\n<p><iframe loading=\"lazy\" title=\"EMODIM\" width=\"500\" height=\"375\" src=\"https:\/\/www.youtube.com\/embed\/7QzGdK1g-c8?feature=oembed\" frameborder=\"0\" allow=\"accelerometer; autoplay; clipboard-write; encrypted-media; gyroscope; picture-in-picture; web-share\" referrerpolicy=\"strict-origin-when-cross-origin\" allowfullscreen><\/iframe><\/p>\n","protected":false},"excerpt":{"rendered":"<p>MODA Y DISE\u00d1O EN MISIONES Visi\u00f3n de la Escuela de Moda y Dise\u00f1o en Misiones: Formar y Capacitar al alumno para discipular e influenciar con valores y principios atreves de la moda y el dise\u00f1o; a esta \u00e1rea, a la sociedad y a las naciones. &nbsp;&#8230;&#8230;&#8230;&#8230;.. La Escuela&nbsp; se ofrece \u00fanicamente en la ciudad de [&hellip;]<\/p>\n","protected":false},"author":1,"featured_media":0,"parent":53,"menu_order":0,"comment_status":"closed","ping_status":"open","template":"","meta":{"footnotes":""},"class_list":["post-2359","page","type-page","status-publish","hentry"],"_links":{"self":[{"href":"https:\/\/www.jucumnorte.com.ar\/es\/wp-json\/wp\/v2\/pages\/2359","targetHints":{"allow":["GET"]}}],"collection":[{"href":"https:\/\/www.jucumnorte.com.ar\/es\/wp-json\/wp\/v2\/pages"}],"about":[{"href":"https:\/\/www.jucumnorte.com.ar\/es\/wp-json\/wp\/v2\/types\/page"}],"author":[{"embeddable":true,"href":"https:\/\/www.jucumnorte.com.ar\/es\/wp-json\/wp\/v2\/users\/1"}],"replies":[{"embeddable":true,"href":"https:\/\/www.jucumnorte.com.ar\/es\/wp-json\/wp\/v2\/comments?post=2359"}],"version-history":[{"count":0,"href":"https:\/\/www.jucumnorte.com.ar\/es\/wp-json\/wp\/v2\/pages\/2359\/revisions"}],"up":[{"embeddable":true,"href":"https:\/\/www.jucumnorte.com.ar\/es\/wp-json\/wp\/v2\/pages\/53"}],"wp:attachment":[{"href":"https:\/\/www.jucumnorte.com.ar\/es\/wp-json\/wp\/v2\/media?parent=2359"}],"curies":[{"name":"wp","href":"https:\/\/api.w.org\/{rel}","templated":true}]}}