{"id":244,"date":"2006-11-17T10:27:07","date_gmt":"2006-11-17T13:27:07","guid":{"rendered":"http:\/\/www.jucumnorte.com.ar\/es\/escuelas\/244\/"},"modified":"2024-04-16T20:03:03","modified_gmt":"2024-04-16T23:03:03","slug":"rescateyrestauracion","status":"publish","type":"page","link":"https:\/\/www.jucumnorte.com.ar\/es\/escuelas\/rescateyrestauracion\/","title":{"rendered":"Rescate y Consejeria"},"content":{"rendered":"<h6>A\u00d1O DE APERTURA: 2007<\/h6>\n<p>Nuestra <strong>VISI\u00d3N<\/strong> es capacitar y entrenar a obreros de iglesia y dem\u00e1s organizaciones cristianas para trabajar en el \u00e1rea social, brind\u00e1ndoles diferentes estrategias para que al finalizar la escuela, puedan plasmar un proyecto que sea eficaz en el servicio de la obra a la que el Se\u00f1or los lleve.<\/p>\n<p>\t\t\t\t\t\t\t\t\t\t\t\t\t<img loading=\"lazy\" decoding=\"async\" width=\"672\" height=\"417\" src=\"http:\/\/www.jucumnorte.com.ar\/es\/wp-content\/uploads\/2024\/04\/rescate1-e1713307993194.jpg\" alt=\"\" srcset=\"https:\/\/www.jucumnorte.com.ar\/es\/wp-content\/uploads\/2024\/04\/rescate1-e1713307993194.jpg 672w, https:\/\/www.jucumnorte.com.ar\/es\/wp-content\/uploads\/2024\/04\/rescate1-e1713307993194-300x186.jpg 300w\" sizes=\"auto, (max-width: 672px) 100vw, 672px\" \/><br \/>\n\t\t\t\t\t\t\t\t\t\t\t\t\t<img loading=\"lazy\" decoding=\"async\" width=\"720\" height=\"959\" src=\"http:\/\/www.jucumnorte.com.ar\/es\/wp-content\/uploads\/2024\/04\/rescate2.jpg\" alt=\"\" srcset=\"https:\/\/www.jucumnorte.com.ar\/es\/wp-content\/uploads\/2024\/04\/rescate2.jpg 720w, https:\/\/www.jucumnorte.com.ar\/es\/wp-content\/uploads\/2024\/04\/rescate2-225x300.jpg 225w\" sizes=\"auto, (max-width: 720px) 100vw, 720px\" \/>\t\t\t\t\t\t\t\t\t\t\t\t\t<\/p>\n<p>La <strong>MISI\u00d3N<\/strong> es que cada una de las personas que se est\u00e9n capacitando pueda conocer a\u00fan m\u00e1s el car\u00e1cter de Dios y reflejen este amor y misericordia a familias e inclusive ni\u00f1ez en riesgo con las que est\u00e9 trabajando. Llev\u00e1ndolas, como consecuencia, a conocer a Dios.<\/p>\n<p>\u00a0<\/p>\n<h6>ESTAD\u00cdSTICAS DE ALCANCE:<\/h6>\n<p>4 a 7 estudiantes por escuela.<\/p>\n<p>\t\t\t\t\t\t\t\t\t\t\t\t\t<img loading=\"lazy\" decoding=\"async\" width=\"715\" height=\"402\" src=\"http:\/\/www.jucumnorte.com.ar\/es\/wp-content\/uploads\/2024\/04\/rescate4.jpg\" alt=\"\" srcset=\"https:\/\/www.jucumnorte.com.ar\/es\/wp-content\/uploads\/2024\/04\/rescate4.jpg 715w, https:\/\/www.jucumnorte.com.ar\/es\/wp-content\/uploads\/2024\/04\/rescate4-300x169.jpg 300w\" sizes=\"auto, (max-width: 715px) 100vw, 715px\" \/><br \/>\n\t\t\t\t\t\t\t\t\t\t\t\t\t<img loading=\"lazy\" decoding=\"async\" width=\"1024\" height=\"682\" src=\"http:\/\/www.jucumnorte.com.ar\/es\/wp-content\/uploads\/2024\/04\/b9ab2dcc-0ab7-4466-9e17-c4a1c01a7c0a-1024x682.jpg\" alt=\"\" srcset=\"https:\/\/www.jucumnorte.com.ar\/es\/wp-content\/uploads\/2024\/04\/b9ab2dcc-0ab7-4466-9e17-c4a1c01a7c0a-1024x682.jpg 1024w, https:\/\/www.jucumnorte.com.ar\/es\/wp-content\/uploads\/2024\/04\/b9ab2dcc-0ab7-4466-9e17-c4a1c01a7c0a-300x200.jpg 300w, https:\/\/www.jucumnorte.com.ar\/es\/wp-content\/uploads\/2024\/04\/b9ab2dcc-0ab7-4466-9e17-c4a1c01a7c0a-768x512.jpg 768w, https:\/\/www.jucumnorte.com.ar\/es\/wp-content\/uploads\/2024\/04\/b9ab2dcc-0ab7-4466-9e17-c4a1c01a7c0a-1536x1024.jpg 1536w, https:\/\/www.jucumnorte.com.ar\/es\/wp-content\/uploads\/2024\/04\/b9ab2dcc-0ab7-4466-9e17-c4a1c01a7c0a.jpg 1991w\" sizes=\"auto, (max-width: 1024px) 100vw, 1024px\" \/><br \/>\n\t\t\t\t\t\t\t\t\t\t\t\t\t<img loading=\"lazy\" decoding=\"async\" width=\"819\" height=\"1024\" src=\"http:\/\/www.jucumnorte.com.ar\/es\/wp-content\/uploads\/2024\/04\/rescate-escuela-819x1024.png\" alt=\"\" srcset=\"https:\/\/www.jucumnorte.com.ar\/es\/wp-content\/uploads\/2024\/04\/rescate-escuela-819x1024.png 819w, https:\/\/www.jucumnorte.com.ar\/es\/wp-content\/uploads\/2024\/04\/rescate-escuela-240x300.png 240w, https:\/\/www.jucumnorte.com.ar\/es\/wp-content\/uploads\/2024\/04\/rescate-escuela-768x960.png 768w, https:\/\/www.jucumnorte.com.ar\/es\/wp-content\/uploads\/2024\/04\/rescate-escuela.png 1080w\" sizes=\"auto, (max-width: 819px) 100vw, 819px\" \/>\t\t\t\t\t\t\t\t\t\t\t\t\t<\/p>\n<h6>Cont\u00e1ctanos:<\/h6>\n<p><strong>Correo<\/strong>: <a href=\"mailto:rescatecorrientes@hotmail.com\">rescatecorrientes@hotmail.com<\/a><\/p>\n<p>\t\t\t\t\t<a href=\"https:\/\/www.facebook.com\/profile.php?id=100054394365420&#038;mibextid=ZbWKwL\" target=\"_blank\" rel=\"noopener\"><br \/>\n\t\t\t\t\t\tFacebook<br \/>\n\t\t\t\t\t\t\t\t\t\t\t<\/a><br \/>\n\t\t\t\t\t<a href=\"https:\/\/www.instagram.com\/escuelarescateyconsejeria?igsh=MTM5ZnE0dmQwN25yYw==\" target=\"_blank\" rel=\"noopener\"><br \/>\n\t\t\t\t\t\tInstagram<br \/>\n\t\t\t\t\t\t\t\t\t\t\t<\/a><br \/>\n\t\t\t\t\t<a href=\"https:\/\/wa.me\/5493794734582?text=\u00a1Hola!%20Me%20gustar\u00eda%20recibir%20informaci\u00f3n%20sobre%20la%20Escuela%20de%20Rescate%20y%20Consejeria.\" target=\"_blank\" rel=\"noopener\"><br \/>\n\t\t\t\t\t\tWhatsapp<br \/>\n\t\t\t\t\t\t\t\t\t\t\t<\/a><\/p>\n","protected":false},"excerpt":{"rendered":"<p>A\u00d1O DE APERTURA: 2007 Nuestra VISI\u00d3N es capacitar y entrenar a obreros de iglesia y dem\u00e1s organizaciones cristianas para trabajar en el \u00e1rea social, brind\u00e1ndoles diferentes estrategias para que al finalizar la escuela, puedan plasmar un proyecto que sea eficaz en el servicio de la obra a la que el Se\u00f1or los lleve. La MISI\u00d3N [&hellip;]<\/p>\n","protected":false},"author":1,"featured_media":0,"parent":53,"menu_order":0,"comment_status":"closed","ping_status":"open","template":"","meta":{"footnotes":""},"class_list":["post-244","page","type-page","status-publish","hentry"],"_links":{"self":[{"href":"https:\/\/www.jucumnorte.com.ar\/es\/wp-json\/wp\/v2\/pages\/244","targetHints":{"allow":["GET"]}}],"collection":[{"href":"https:\/\/www.jucumnorte.com.ar\/es\/wp-json\/wp\/v2\/pages"}],"about":[{"href":"https:\/\/www.jucumnorte.com.ar\/es\/wp-json\/wp\/v2\/types\/page"}],"author":[{"embeddable":true,"href":"https:\/\/www.jucumnorte.com.ar\/es\/wp-json\/wp\/v2\/users\/1"}],"replies":[{"embeddable":true,"href":"https:\/\/www.jucumnorte.com.ar\/es\/wp-json\/wp\/v2\/comments?post=244"}],"version-history":[{"count":3,"href":"https:\/\/www.jucumnorte.com.ar\/es\/wp-json\/wp\/v2\/pages\/244\/revisions"}],"predecessor-version":[{"id":8453,"href":"https:\/\/www.jucumnorte.com.ar\/es\/wp-json\/wp\/v2\/pages\/244\/revisions\/8453"}],"up":[{"embeddable":true,"href":"https:\/\/www.jucumnorte.com.ar\/es\/wp-json\/wp\/v2\/pages\/53"}],"wp:attachment":[{"href":"https:\/\/www.jucumnorte.com.ar\/es\/wp-json\/wp\/v2\/media?parent=244"}],"curies":[{"name":"wp","href":"https:\/\/api.w.org\/{rel}","templated":true}]}}