{"id":53,"date":"2006-02-16T09:32:50","date_gmt":"2006-02-16T12:32:50","guid":{"rendered":"http:\/\/www.jucumnorte.com.ar\/es\/escuelas\/"},"modified":"2010-07-31T14:47:15","modified_gmt":"2010-07-31T17:47:15","slug":"escuelas","status":"publish","type":"page","link":"https:\/\/www.jucumnorte.com.ar\/es\/escuelas\/","title":{"rendered":"Escuelas"},"content":{"rendered":"<p>Cada a\u00f1o m\u00e1s personas son transformado a trav\u00e9s de nuestras escuelas. Escuchamos testimonios de los cambios de muchos estudiantes y sus rostros testifican a la verdad de lo que estan diciendo. Tu t\u00e1mbien puedes experimentar estos cambios si eliges hacer una escuela.<\/p>\n<p>Necesitas hacer la <a href=\"http:\/\/www.jucumnorte.com.ar\/es\/escuelas\/ede-discipulado\/\">Escuela Discipulado Entrenimiento (EDE)<\/a> primeramente y esta es la puerta a todas las dem\u00e1s escuelas de capacitaci\u00f3n. Cuando has completado la EDE, todas las escuelas estan disponible. As\u00ed que veni y experimenta lo que Dios quiere hacer en tu vida hoy.<\/p>\n<p><strong><span style=\"text-decoration: underline;\">Las escuelas que ofrecemos:<\/span><\/strong><\/p>\n<p style=\"text-align: center;\"><img loading=\"lazy\" decoding=\"async\" class=\"aligncenter size-full wp-image-1692\" title=\"escuela de discipulado y entrenimiento\" src=\"http:\/\/www.jucumnorte.com.ar\/es\/..\/wp-content\/2006\/02\/escuela-de-discipulado-y-entrenimiento1.JPG\" alt=\"escuela de discipulado y entrenimiento\" width=\"640\" height=\"214\" srcset=\"https:\/\/www.jucumnorte.com.ar\/es\/wp-content\/uploads\/2006\/02\/escuela-de-discipulado-y-entrenimiento1.JPG 640w, https:\/\/www.jucumnorte.com.ar\/es\/wp-content\/uploads\/2006\/02\/escuela-de-discipulado-y-entrenimiento1-300x100.jpg 300w\" sizes=\"auto, (max-width: 640px) 100vw, 640px\" \/><strong><em>Escuela de Discipulado y Entrenimiento.<\/em><\/strong><\/p>\n<p style=\"text-align: center;\"><img loading=\"lazy\" decoding=\"async\" class=\"aligncenter size-full wp-image-1693\" title=\"escuela cruce de caminos\" src=\"http:\/\/www.jucumnorte.com.ar\/es\/..\/wp-content\/2006\/02\/escuela-cruce-de-caminos1.JPG\" alt=\"escuela cruce de caminos\" width=\"640\" height=\"229\" srcset=\"https:\/\/www.jucumnorte.com.ar\/es\/wp-content\/uploads\/2006\/02\/escuela-cruce-de-caminos1.JPG 640w, https:\/\/www.jucumnorte.com.ar\/es\/wp-content\/uploads\/2006\/02\/escuela-cruce-de-caminos1-300x107.jpg 300w\" sizes=\"auto, (max-width: 640px) 100vw, 640px\" \/><strong><em>Escuela &#8216;Cruce de Caminos&#8217;<\/em><\/strong><\/p>\n<p style=\"text-align: center;\"><img loading=\"lazy\" decoding=\"async\" class=\"aligncenter size-full wp-image-1694\" title=\"escuela de Estudios biblicos\" src=\"http:\/\/www.jucumnorte.com.ar\/es\/..\/wp-content\/2006\/02\/escuela-de-Estudios-biblicos1.jpg\" alt=\"escuela de Estudios biblicos\" width=\"640\" height=\"334\" srcset=\"https:\/\/www.jucumnorte.com.ar\/es\/wp-content\/uploads\/2006\/02\/escuela-de-Estudios-biblicos1.jpg 640w, https:\/\/www.jucumnorte.com.ar\/es\/wp-content\/uploads\/2006\/02\/escuela-de-Estudios-biblicos1-300x156.jpg 300w\" sizes=\"auto, (max-width: 640px) 100vw, 640px\" \/><strong><em>Escuela de Estudios Biblicos Intensivo.<\/em><\/strong><\/p>\n<p style=\"text-align: center;\"><img loading=\"lazy\" decoding=\"async\" class=\"aligncenter size-full wp-image-1695\" title=\"escuela de rescate y restauracion\" src=\"http:\/\/www.jucumnorte.com.ar\/es\/..\/wp-content\/2006\/02\/escuela-de-rescate-y-restauracion1.JPG\" alt=\"escuela de rescate y restauracion\" width=\"640\" height=\"275\" srcset=\"https:\/\/www.jucumnorte.com.ar\/es\/wp-content\/uploads\/2006\/02\/escuela-de-rescate-y-restauracion1.JPG 640w, https:\/\/www.jucumnorte.com.ar\/es\/wp-content\/uploads\/2006\/02\/escuela-de-rescate-y-restauracion1-300x128.jpg 300w\" sizes=\"auto, (max-width: 640px) 100vw, 640px\" \/><strong><em>Escuela de Rescate y Restauracion.<\/em><\/strong><\/p>\n<p style=\"text-align: center;\"><img loading=\"lazy\" decoding=\"async\" class=\"aligncenter size-full wp-image-1696\" title=\"escuela mobil de misiones transculturales\" src=\"http:\/\/www.jucumnorte.com.ar\/es\/..\/wp-content\/2006\/02\/escuela-mobil-de-misiones-transculturales1.JPG\" alt=\"escuela mobil de misiones transculturales\" width=\"640\" height=\"322\" srcset=\"https:\/\/www.jucumnorte.com.ar\/es\/wp-content\/uploads\/2006\/02\/escuela-mobil-de-misiones-transculturales1.JPG 640w, https:\/\/www.jucumnorte.com.ar\/es\/wp-content\/uploads\/2006\/02\/escuela-mobil-de-misiones-transculturales1-300x150.jpg 300w\" sizes=\"auto, (max-width: 640px) 100vw, 640px\" \/><strong><em>Escuea Mobil de Misiones Transculturales.<\/em><\/strong><\/p>\n<p style=\"text-align: center;\"><img loading=\"lazy\" decoding=\"async\" class=\"aligncenter size-full wp-image-1697\" title=\"graduacion escuela de arte\" src=\"http:\/\/www.jucumnorte.com.ar\/es\/..\/wp-content\/2006\/02\/graduacion-escuela-de-arte1.JPG\" alt=\"graduacion escuela de arte\" width=\"640\" height=\"304\" srcset=\"https:\/\/www.jucumnorte.com.ar\/es\/wp-content\/uploads\/2006\/02\/graduacion-escuela-de-arte1.JPG 640w, https:\/\/www.jucumnorte.com.ar\/es\/wp-content\/uploads\/2006\/02\/graduacion-escuela-de-arte1-300x142.jpg 300w\" sizes=\"auto, (max-width: 640px) 100vw, 640px\" \/><strong><em>Escuela de Arte en Misiones.<\/em><\/strong><\/p>\n","protected":false},"excerpt":{"rendered":"<p>Cada a\u00f1o m\u00e1s personas son transformado a trav\u00e9s de nuestras escuelas. Escuchamos testimonios de los cambios de muchos estudiantes y sus rostros testifican a la verdad de lo que estan diciendo. Tu t\u00e1mbien puedes experimentar estos cambios si eliges hacer una escuela. Necesitas hacer la Escuela Discipulado Entrenimiento (EDE) primeramente y esta es la puerta [&hellip;]<\/p>\n","protected":false},"author":1,"featured_media":0,"parent":0,"menu_order":0,"comment_status":"closed","ping_status":"open","template":"","meta":{"footnotes":""},"class_list":["post-53","page","type-page","status-publish","hentry"],"_links":{"self":[{"href":"https:\/\/www.jucumnorte.com.ar\/es\/wp-json\/wp\/v2\/pages\/53","targetHints":{"allow":["GET"]}}],"collection":[{"href":"https:\/\/www.jucumnorte.com.ar\/es\/wp-json\/wp\/v2\/pages"}],"about":[{"href":"https:\/\/www.jucumnorte.com.ar\/es\/wp-json\/wp\/v2\/types\/page"}],"author":[{"embeddable":true,"href":"https:\/\/www.jucumnorte.com.ar\/es\/wp-json\/wp\/v2\/users\/1"}],"replies":[{"embeddable":true,"href":"https:\/\/www.jucumnorte.com.ar\/es\/wp-json\/wp\/v2\/comments?post=53"}],"version-history":[{"count":0,"href":"https:\/\/www.jucumnorte.com.ar\/es\/wp-json\/wp\/v2\/pages\/53\/revisions"}],"wp:attachment":[{"href":"https:\/\/www.jucumnorte.com.ar\/es\/wp-json\/wp\/v2\/media?parent=53"}],"curies":[{"name":"wp","href":"https:\/\/api.w.org\/{rel}","templated":true}]}}