{"id":54,"date":"2006-02-16T09:41:49","date_gmt":"2006-02-16T12:41:49","guid":{"rendered":"http:\/\/www.jucumnorte.com.ar\/es\/escuelas\/estudios-biblicos\/"},"modified":"2024-04-30T19:55:00","modified_gmt":"2024-04-30T22:55:00","slug":"estudios-biblicos","status":"publish","type":"page","link":"https:\/\/www.jucumnorte.com.ar\/es\/escuelas\/estudios-biblicos\/","title":{"rendered":"Estudios B\u00edblicos"},"content":{"rendered":"<h6>A\u00d1O DE APERTURA: 2004<\/h6>\n<p>Nuestra <strong>VISI\u00d3N<\/strong> es entrenar a los creyentes en el estudio de La Biblia con el fin que la aplique a su propia vida y se comprometa con la proclamaci\u00f3n del mensaje b\u00edblico a la sociedad.<\/p>\n<p>\t\t\t\t\t\t\t\t\t\t\t\t\t<img loading=\"lazy\" decoding=\"async\" width=\"960\" height=\"540\" src=\"http:\/\/www.jucumnorte.com.ar\/es\/wp-content\/uploads\/2024\/04\/1450789_233847393458741_2065003348_n.jpg\" alt=\"\" srcset=\"https:\/\/www.jucumnorte.com.ar\/es\/wp-content\/uploads\/2024\/04\/1450789_233847393458741_2065003348_n.jpg 960w, https:\/\/www.jucumnorte.com.ar\/es\/wp-content\/uploads\/2024\/04\/1450789_233847393458741_2065003348_n-300x169.jpg 300w, https:\/\/www.jucumnorte.com.ar\/es\/wp-content\/uploads\/2024\/04\/1450789_233847393458741_2065003348_n-768x432.jpg 768w\" sizes=\"auto, (max-width: 960px) 100vw, 960px\" \/><br \/>\n\t\t\t\t\t\t\t\t\t\t\t\t\t<img loading=\"lazy\" decoding=\"async\" width=\"960\" height=\"540\" src=\"http:\/\/www.jucumnorte.com.ar\/es\/wp-content\/uploads\/2024\/04\/60191182_1205722236297837_351779429522866176_n.jpg\" alt=\"\" srcset=\"https:\/\/www.jucumnorte.com.ar\/es\/wp-content\/uploads\/2024\/04\/60191182_1205722236297837_351779429522866176_n.jpg 960w, https:\/\/www.jucumnorte.com.ar\/es\/wp-content\/uploads\/2024\/04\/60191182_1205722236297837_351779429522866176_n-300x169.jpg 300w, https:\/\/www.jucumnorte.com.ar\/es\/wp-content\/uploads\/2024\/04\/60191182_1205722236297837_351779429522866176_n-768x432.jpg 768w\" sizes=\"auto, (max-width: 960px) 100vw, 960px\" \/>\t\t\t\t\t\t\t\t\t\t\t\t\t<\/p>\n<p>La <strong>MISI\u00d3N<\/strong> es brindar\u00a0un entrenamiento de estudio b\u00edblico a trav\u00e9s del <em>M\u00e9todo Inductivo.<\/em><\/p>\n<p>\u00a0<\/p>\n<h6>ESTAD\u00cdSTICAS DE ALCANCE:<\/h6>\n<ul>\n<li>\n<p>Desde el a\u00f1o 2004 hemos realizado dos Escuelas de Estudios B\u00edblicos Intensivo al a\u00f1o.<\/p>\n<\/li>\n<li>\n<p>M\u00e1s de 2000 alumnos han pasado por nuestras aulas a trav\u00e9s de escuelas de estudio b\u00edblico y seminarios.<\/p>\n<\/li>\n<\/ul>\n<p>\u00a0<\/p>\n<p>\t\t\t\t\t\t\t\t\t\t\t\t\t<img loading=\"lazy\" decoding=\"async\" width=\"960\" height=\"638\" src=\"http:\/\/www.jucumnorte.com.ar\/es\/wp-content\/uploads\/2024\/04\/435342833_122168917916029791_1970077061371279056_n.jpg\" alt=\"\" srcset=\"https:\/\/www.jucumnorte.com.ar\/es\/wp-content\/uploads\/2024\/04\/435342833_122168917916029791_1970077061371279056_n.jpg 960w, https:\/\/www.jucumnorte.com.ar\/es\/wp-content\/uploads\/2024\/04\/435342833_122168917916029791_1970077061371279056_n-300x199.jpg 300w, https:\/\/www.jucumnorte.com.ar\/es\/wp-content\/uploads\/2024\/04\/435342833_122168917916029791_1970077061371279056_n-768x510.jpg 768w\" sizes=\"auto, (max-width: 960px) 100vw, 960px\" \/><br \/>\n\t\t\t\t\t\t\t\t\t\t\t\t\t<img loading=\"lazy\" decoding=\"async\" width=\"960\" height=\"540\" src=\"http:\/\/www.jucumnorte.com.ar\/es\/wp-content\/uploads\/2024\/04\/56350799_1230658527110951_8197259158194487296_n.jpg\" alt=\"\" srcset=\"https:\/\/www.jucumnorte.com.ar\/es\/wp-content\/uploads\/2024\/04\/56350799_1230658527110951_8197259158194487296_n.jpg 960w, https:\/\/www.jucumnorte.com.ar\/es\/wp-content\/uploads\/2024\/04\/56350799_1230658527110951_8197259158194487296_n-300x169.jpg 300w, https:\/\/www.jucumnorte.com.ar\/es\/wp-content\/uploads\/2024\/04\/56350799_1230658527110951_8197259158194487296_n-768x432.jpg 768w\" sizes=\"auto, (max-width: 960px) 100vw, 960px\" \/>\t\t\t\t\t\t\t\t\t\t\t\t\t<\/p>\n<p><strong><u>Staff: <\/u><\/strong><\/p>\n<ul>\n<li>\n<p>Nat\u00e1n Olivera.<\/p>\n<\/li>\n<li>\n<p>Alexis Olivera.<\/p>\n<\/li>\n<li>\n<p>Katerine G\u00f3mez Alcayaga.<\/p>\n<\/li>\n<\/ul>\n<h6>DIRECTOR: David Olivera, pastor, director de JUCUM Corrientes y maestro b\u00edblico.<\/h6>\n<h6>Cont\u00e1ctanos:<\/h6>\n<p>Correo: eebiargentina@gmail.com<\/p>\n<p>\t\t\t\t\t<a href=\"https:\/\/www.facebook.com\/eebi.jucumnorte?mibextid=ZbWKwL\" target=\"_blank\" rel=\"noopener\"><br \/>\n\t\t\t\t\t\tFacebook<br \/>\n\t\t\t\t\t\t\t\t\t\t\t<\/a><br \/>\n\t\t\t\t\t<a href=\"https:\/\/www.instagram.com\/estudiosbiblicoscts?igsh=MTJxbDU4b2MxNmVyYg==\" target=\"_blank\" rel=\"noopener\"><br \/>\n\t\t\t\t\t\tInstagram<br \/>\n\t\t\t\t\t\t\t\t\t\t\t<\/a><br \/>\n\t\t\t\t\t<a href=\"https:\/\/wa.me\/5493795103843?text=\u00a1Hola!%20Me%20gustar\u00eda%20recibir%20informaci\u00f3n%20acerca%20de%20la%20Escuela%20de%20Estudios%20B\u00edblicos.\" target=\"_blank\" rel=\"noopener\"><br \/>\n\t\t\t\t\t\tWhatsapp<br \/>\n\t\t\t\t\t\t\t\t\t\t\t<\/a><\/p>\n","protected":false},"excerpt":{"rendered":"<p>A\u00d1O DE APERTURA: 2004 Nuestra VISI\u00d3N es entrenar a los creyentes en el estudio de La Biblia con el fin que la aplique a su propia vida y se comprometa con la proclamaci\u00f3n del mensaje b\u00edblico a la sociedad. La MISI\u00d3N es brindar\u00a0un entrenamiento de estudio b\u00edblico a trav\u00e9s del M\u00e9todo Inductivo. \u00a0 ESTAD\u00cdSTICAS DE [&hellip;]<\/p>\n","protected":false},"author":1,"featured_media":0,"parent":53,"menu_order":0,"comment_status":"closed","ping_status":"open","template":"","meta":{"footnotes":""},"class_list":["post-54","page","type-page","status-publish","hentry"],"_links":{"self":[{"href":"https:\/\/www.jucumnorte.com.ar\/es\/wp-json\/wp\/v2\/pages\/54","targetHints":{"allow":["GET"]}}],"collection":[{"href":"https:\/\/www.jucumnorte.com.ar\/es\/wp-json\/wp\/v2\/pages"}],"about":[{"href":"https:\/\/www.jucumnorte.com.ar\/es\/wp-json\/wp\/v2\/types\/page"}],"author":[{"embeddable":true,"href":"https:\/\/www.jucumnorte.com.ar\/es\/wp-json\/wp\/v2\/users\/1"}],"replies":[{"embeddable":true,"href":"https:\/\/www.jucumnorte.com.ar\/es\/wp-json\/wp\/v2\/comments?post=54"}],"version-history":[{"count":9,"href":"https:\/\/www.jucumnorte.com.ar\/es\/wp-json\/wp\/v2\/pages\/54\/revisions"}],"predecessor-version":[{"id":8502,"href":"https:\/\/www.jucumnorte.com.ar\/es\/wp-json\/wp\/v2\/pages\/54\/revisions\/8502"}],"up":[{"embeddable":true,"href":"https:\/\/www.jucumnorte.com.ar\/es\/wp-json\/wp\/v2\/pages\/53"}],"wp:attachment":[{"href":"https:\/\/www.jucumnorte.com.ar\/es\/wp-json\/wp\/v2\/media?parent=54"}],"curies":[{"name":"wp","href":"https:\/\/api.w.org\/{rel}","templated":true}]}}