{"id":55,"date":"2006-02-16T09:50:48","date_gmt":"2006-02-16T12:50:48","guid":{"rendered":"http:\/\/www.jucumnorte.com.ar\/es\/escuelas\/ede-discipulado\/"},"modified":"2025-02-25T20:56:02","modified_gmt":"2025-02-25T23:56:02","slug":"ede-discipulado","status":"publish","type":"page","link":"https:\/\/www.jucumnorte.com.ar\/es\/ede-discipulado\/","title":{"rendered":"EDE &#8211; Discipulado y Entrenamiento"},"content":{"rendered":"<p>La EDE es la primera escuela de JUCUM donde el enfoque principal es conocer a Dios. Dise\u00f1ada para motivar a nuestros estudiantes a cultivar amistad \u00edntima con Dios, desarrollar car\u00e1cter cristiano y ayudarlos a identificar su llamado y dones dados por Dios.<\/p>\n<p>\t\t\t\t\t\t\t\t\t\t\t\t\t<img loading=\"lazy\" decoding=\"async\" width=\"720\" height=\"480\" src=\"http:\/\/www.jucumnorte.com.ar\/es\/wp-content\/uploads\/2023\/05\/FB_IMG_1682987782619.jpg\" alt=\"\" srcset=\"https:\/\/www.jucumnorte.com.ar\/es\/wp-content\/uploads\/2023\/05\/FB_IMG_1682987782619.jpg 720w, https:\/\/www.jucumnorte.com.ar\/es\/wp-content\/uploads\/2023\/05\/FB_IMG_1682987782619-300x200.jpg 300w\" sizes=\"auto, (max-width: 720px) 100vw, 720px\" \/>\t\t\t\t\t\t\t\t\t\t\t\t\t<\/p>\n<p>El \u00e9nfasis de la EDE es la transformaci\u00f3n del coraz\u00f3n. Es un viaje \u00edntimo donde puedes descubrir el coraz\u00f3n de Dios y aprender a seguir sus caminos. Durante la EDE, desarrollamos un internado din\u00e1mico de aprendizaje y aplicaci\u00f3n que combina la ense\u00f1anza con el compa\u00f1erismo, la oraci\u00f3n, el estudio, la meditaci\u00f3n, la alabanza, grupos de apertura, el servicio pr\u00e1ctico y el evangelismo. La escuela es de 3 meses te\u00f3rico y 2 pr\u00e1ctico da enfoque en los siguientes \u00e1reas: RELACI\u00d3N CON DIOS Como escuchar la voz de Dios, Intercesi\u00f3n, Atributos de Dios, otros. RELACI\u00d3N INTERPERSONAL Perd\u00f3n, Identidad, Valores, trabajo en grupo, temperamentos, unidad, otros RELACI\u00d3N CON EL LLAMADO M\u00e9todos de evangelismo, dones y ministerio, Coraz\u00f3n de siervo, Estudio de la Biblia, otros.<\/p>\n<p>\t\t\t\t\t\t\t\t\t\t\t\t\t<img loading=\"lazy\" decoding=\"async\" width=\"720\" height=\"480\" src=\"http:\/\/www.jucumnorte.com.ar\/es\/wp-content\/uploads\/2023\/05\/FB_IMG_1682987658705.jpg\" alt=\"\" srcset=\"https:\/\/www.jucumnorte.com.ar\/es\/wp-content\/uploads\/2023\/05\/FB_IMG_1682987658705.jpg 720w, https:\/\/www.jucumnorte.com.ar\/es\/wp-content\/uploads\/2023\/05\/FB_IMG_1682987658705-300x200.jpg 300w\" sizes=\"auto, (max-width: 720px) 100vw, 720px\" \/><br \/>\n\t\t\t\t\t\t\t\t\t\t\t\t\t<img loading=\"lazy\" decoding=\"async\" width=\"565\" height=\"403\" src=\"http:\/\/www.jucumnorte.com.ar\/es\/wp-content\/uploads\/2023\/05\/FB_IMG_1682987255401.jpg\" alt=\"\" srcset=\"https:\/\/www.jucumnorte.com.ar\/es\/wp-content\/uploads\/2023\/05\/FB_IMG_1682987255401.jpg 565w, https:\/\/www.jucumnorte.com.ar\/es\/wp-content\/uploads\/2023\/05\/FB_IMG_1682987255401-300x214.jpg 300w\" sizes=\"auto, (max-width: 565px) 100vw, 565px\" \/><br \/>\n\t\t\t\t\t\t\t\t\t\t\t\t\t<img loading=\"lazy\" decoding=\"async\" width=\"720\" height=\"480\" src=\"http:\/\/www.jucumnorte.com.ar\/es\/wp-content\/uploads\/2023\/05\/FB_IMG_1682987409552.jpg\" alt=\"\" srcset=\"https:\/\/www.jucumnorte.com.ar\/es\/wp-content\/uploads\/2023\/05\/FB_IMG_1682987409552.jpg 720w, https:\/\/www.jucumnorte.com.ar\/es\/wp-content\/uploads\/2023\/05\/FB_IMG_1682987409552-300x200.jpg 300w\" sizes=\"auto, (max-width: 720px) 100vw, 720px\" \/>\t\t\t\t\t\t\t\t\t\t\t\t\t<\/p>\n<p>Las ense\u00f1anzas son impartidas por maestros y misioneros de JUCUM provenientes de diferentes naciones y \u00e1mbitos ministeriales que te impactaran con sus vidas y ense\u00f1anzas. Durante esta fase tendr\u00e1s participaci\u00f3n en las actividades de JUCUM y podr\u00e1s servir en diferentes campa\u00f1as de evangelismo que hacemos con Iglesias locales. La segunda Parte es pr\u00e1ctica y comprende un tiempo de 2 meses en los que se incluye el viaje misionero donde podr\u00e1s aplicar mucho de lo aprendido. Participar\u00e1s en evangelismo, ministerios de misericordia, intercesi\u00f3n y discipulado. El testimonio personal, el trabajo en equipo y la amistad son valores muy importantes a desarrollar en esta etapa.<\/p>\n<p>\u00a0<\/p>\n<p>Durante el a\u00f1o contamos con 3 EDEs: febrero, julio y octubre.<\/p>\n<p>\u00a0<\/p>\n<p>\u00a0<\/p>\n<p>\t\t\t\t\t\t\t\t\t\t\t\t\t<img loading=\"lazy\" decoding=\"async\" width=\"640\" height=\"960\" src=\"http:\/\/www.jucumnorte.com.ar\/es\/wp-content\/uploads\/2023\/05\/FB_IMG_1682987579209.jpg\" alt=\"\" srcset=\"https:\/\/www.jucumnorte.com.ar\/es\/wp-content\/uploads\/2023\/05\/FB_IMG_1682987579209.jpg 640w, https:\/\/www.jucumnorte.com.ar\/es\/wp-content\/uploads\/2023\/05\/FB_IMG_1682987579209-200x300.jpg 200w\" sizes=\"auto, (max-width: 640px) 100vw, 640px\" \/>\t\t\t\t\t\t\t\t\t\t\t\t\t<\/p>\n<p>Coordinadores Generales : Mari Ibacache, Eunice Saracho.<\/p>\n<\/p>\n<h6><b>Cont\u00e1ctanos:&nbsp;<\/b><\/h6>\n<p>\t\t\t\t\t<a href=\"https:\/\/www.facebook.com\/profile.php?id=100066840455341&#038;mibextid=ZbWKwL\" target=\"_blank\"><br \/>\n\t\t\t\t\t\tFacebook<br \/>\n\t\t\t\t\t\t\t\t\t\t\t<\/a><br \/>\n\t\t\t\t\t<a href=\"https:\/\/www.instagram.com\/ede_jucum_corrientes?igsh=azVrbHVmOWR0OHN1\" target=\"_blank\"><br \/>\n\t\t\t\t\t\tInstagram<br \/>\n\t\t\t\t\t\t\t\t\t\t\t<\/a><\/p>\n","protected":false},"excerpt":{"rendered":"<p>La EDE es la primera escuela de JUCUM donde el enfoque principal es conocer a Dios. Dise\u00f1ada para motivar a nuestros estudiantes a cultivar amistad \u00edntima con Dios, desarrollar car\u00e1cter cristiano y ayudarlos a identificar su llamado y dones dados por Dios. El \u00e9nfasis de la EDE es la transformaci\u00f3n del coraz\u00f3n. Es un viaje [&hellip;]<\/p>\n","protected":false},"author":1,"featured_media":0,"parent":0,"menu_order":0,"comment_status":"open","ping_status":"open","template":"","meta":{"footnotes":""},"class_list":["post-55","page","type-page","status-publish","hentry"],"_links":{"self":[{"href":"https:\/\/www.jucumnorte.com.ar\/es\/wp-json\/wp\/v2\/pages\/55","targetHints":{"allow":["GET"]}}],"collection":[{"href":"https:\/\/www.jucumnorte.com.ar\/es\/wp-json\/wp\/v2\/pages"}],"about":[{"href":"https:\/\/www.jucumnorte.com.ar\/es\/wp-json\/wp\/v2\/types\/page"}],"author":[{"embeddable":true,"href":"https:\/\/www.jucumnorte.com.ar\/es\/wp-json\/wp\/v2\/users\/1"}],"replies":[{"embeddable":true,"href":"https:\/\/www.jucumnorte.com.ar\/es\/wp-json\/wp\/v2\/comments?post=55"}],"version-history":[{"count":25,"href":"https:\/\/www.jucumnorte.com.ar\/es\/wp-json\/wp\/v2\/pages\/55\/revisions"}],"predecessor-version":[{"id":8662,"href":"https:\/\/www.jucumnorte.com.ar\/es\/wp-json\/wp\/v2\/pages\/55\/revisions\/8662"}],"wp:attachment":[{"href":"https:\/\/www.jucumnorte.com.ar\/es\/wp-json\/wp\/v2\/media?parent=55"}],"curies":[{"name":"wp","href":"https:\/\/api.w.org\/{rel}","templated":true}]}}