{"id":56,"date":"2006-02-16T11:33:26","date_gmt":"2006-02-16T14:33:26","guid":{"rendered":"http:\/\/www.jucumnorte.com.ar\/es\/escuelas\/misiones-transcultural\/"},"modified":"2024-05-28T18:38:10","modified_gmt":"2024-05-28T21:38:10","slug":"misiones-transcultural","status":"publish","type":"page","link":"https:\/\/www.jucumnorte.com.ar\/es\/escuelas\/misiones-transcultural\/","title":{"rendered":"ESCUELA MOVIL DE MISIONES  TRANSCULTURAL (EMMiT)."},"content":{"rendered":"<h6>A\u00d1O DE APERTURA:<\/h6>\n<p>La Escuela de Misiones M\u00f3vil Transcultural tiene como fundamento\u00a0 formar y capacitar al alumno para el trabajo transcultural en el campo misionero, adem\u00e1s de discipular e influenciar naciones con valores y principios b\u00edblicos. As\u00ed mismo fomentar el llamado de todos \u00a0a responder a la Gran Comisi\u00f3n.<\/p>\n","protected":false},"excerpt":{"rendered":"<p>A\u00d1O DE APERTURA: La Escuela de Misiones M\u00f3vil Transcultural tiene como fundamento\u00a0 formar y capacitar al alumno para el trabajo transcultural en el campo misionero, adem\u00e1s de discipular e influenciar naciones con valores y principios b\u00edblicos. As\u00ed mismo fomentar el llamado de todos \u00a0a responder a la Gran Comisi\u00f3n.<\/p>\n","protected":false},"author":1,"featured_media":0,"parent":53,"menu_order":0,"comment_status":"closed","ping_status":"open","template":"","meta":{"footnotes":""},"class_list":["post-56","page","type-page","status-publish","hentry"],"_links":{"self":[{"href":"https:\/\/www.jucumnorte.com.ar\/es\/wp-json\/wp\/v2\/pages\/56","targetHints":{"allow":["GET"]}}],"collection":[{"href":"https:\/\/www.jucumnorte.com.ar\/es\/wp-json\/wp\/v2\/pages"}],"about":[{"href":"https:\/\/www.jucumnorte.com.ar\/es\/wp-json\/wp\/v2\/types\/page"}],"author":[{"embeddable":true,"href":"https:\/\/www.jucumnorte.com.ar\/es\/wp-json\/wp\/v2\/users\/1"}],"replies":[{"embeddable":true,"href":"https:\/\/www.jucumnorte.com.ar\/es\/wp-json\/wp\/v2\/comments?post=56"}],"version-history":[{"count":7,"href":"https:\/\/www.jucumnorte.com.ar\/es\/wp-json\/wp\/v2\/pages\/56\/revisions"}],"predecessor-version":[{"id":8554,"href":"https:\/\/www.jucumnorte.com.ar\/es\/wp-json\/wp\/v2\/pages\/56\/revisions\/8554"}],"up":[{"embeddable":true,"href":"https:\/\/www.jucumnorte.com.ar\/es\/wp-json\/wp\/v2\/pages\/53"}],"wp:attachment":[{"href":"https:\/\/www.jucumnorte.com.ar\/es\/wp-json\/wp\/v2\/media?parent=56"}],"curies":[{"name":"wp","href":"https:\/\/api.w.org\/{rel}","templated":true}]}}