{"id":58,"date":"2006-02-16T12:29:27","date_gmt":"2006-02-16T15:29:27","guid":{"rendered":"http:\/\/www.jucumnorte.com.ar\/es\/escuelas\/arte-en-misiones\/"},"modified":"2024-05-28T19:45:02","modified_gmt":"2024-05-28T22:45:02","slug":"arte-en-misiones","status":"publish","type":"page","link":"https:\/\/www.jucumnorte.com.ar\/es\/escuelas\/arte-en-misiones\/","title":{"rendered":"Arte en Misiones"},"content":{"rendered":"<h6>A\u00f1o de Apertura:\u00a0<\/h6>\n<p>Escuela\u00a0de Arte en Misiones (EAMi) La escuela se encuentra en Corrientes Capital, Argentina y comenz\u00f3 con el deseo de disciplinar artistas, restaurar culturas, descubrir al Dios Artista y nuestra capacidad creativa como sus hijos.<\/p>\n<p>La duraci\u00f3n de la escuela es de 5 meses, siendo 3 meses pr\u00e1ctico-te\u00f3rico (el tiempo de aprendizaje en disciplinas art\u00edsticas), y despu\u00e9s salimos de gira (tiempo pr\u00e1ctico) d\u00f3nde desarrollamos todo lo aprendido durante los 3 primeros meses, utilizando para la evangelizaci\u00f3n y capacitaci\u00f3n de otras personas.<\/p>\n<p>\t\t\t\t\t\t\t\t\t\t\t\t\t<img loading=\"lazy\" decoding=\"async\" width=\"1024\" height=\"577\" src=\"http:\/\/www.jucumnorte.com.ar\/es\/wp-content\/uploads\/2024\/05\/307765035_3274680319515225_576129291612095236_n-1024x577.jpg\" alt=\"\" srcset=\"https:\/\/www.jucumnorte.com.ar\/es\/wp-content\/uploads\/2024\/05\/307765035_3274680319515225_576129291612095236_n-1024x577.jpg 1024w, https:\/\/www.jucumnorte.com.ar\/es\/wp-content\/uploads\/2024\/05\/307765035_3274680319515225_576129291612095236_n-300x169.jpg 300w, https:\/\/www.jucumnorte.com.ar\/es\/wp-content\/uploads\/2024\/05\/307765035_3274680319515225_576129291612095236_n-768x432.jpg 768w, https:\/\/www.jucumnorte.com.ar\/es\/wp-content\/uploads\/2024\/05\/307765035_3274680319515225_576129291612095236_n-1536x865.jpg 1536w, https:\/\/www.jucumnorte.com.ar\/es\/wp-content\/uploads\/2024\/05\/307765035_3274680319515225_576129291612095236_n.jpg 2048w\" sizes=\"auto, (max-width: 1024px) 100vw, 1024px\" \/><br \/>\n\t\t\t\t\t\t\t\t\t\t\t\t\t<img loading=\"lazy\" decoding=\"async\" width=\"1024\" height=\"768\" src=\"http:\/\/www.jucumnorte.com.ar\/es\/wp-content\/uploads\/2024\/05\/307548214_3274678852848705_7495274241765676627_n-1024x768.jpg\" alt=\"\" srcset=\"https:\/\/www.jucumnorte.com.ar\/es\/wp-content\/uploads\/2024\/05\/307548214_3274678852848705_7495274241765676627_n-1024x768.jpg 1024w, https:\/\/www.jucumnorte.com.ar\/es\/wp-content\/uploads\/2024\/05\/307548214_3274678852848705_7495274241765676627_n-300x225.jpg 300w, https:\/\/www.jucumnorte.com.ar\/es\/wp-content\/uploads\/2024\/05\/307548214_3274678852848705_7495274241765676627_n-768x576.jpg 768w, https:\/\/www.jucumnorte.com.ar\/es\/wp-content\/uploads\/2024\/05\/307548214_3274678852848705_7495274241765676627_n-1536x1152.jpg 1536w, https:\/\/www.jucumnorte.com.ar\/es\/wp-content\/uploads\/2024\/05\/307548214_3274678852848705_7495274241765676627_n.jpg 1600w\" sizes=\"auto, (max-width: 1024px) 100vw, 1024px\" \/>\t\t\t\t\t\t\t\t\t\t\t\t\t<\/p>\n<p>El curr\u00edculo de la escuela es:<\/p>\n<ul>\n<li>\n<p>Expresi\u00f3n corporal<\/p>\n<\/li>\n<li>\n<p>Danza t\u00edpica argentina<\/p>\n<\/li>\n<li>\n<p>Teatro<\/p>\n<\/li>\n<li>\n<p>Circo<\/p>\n<\/li>\n<li>\n<p>Maquillaje art\u00edstico<\/p>\n<\/li>\n<li>\n<p>Artes visuales.<\/p>\n<\/li>\n<\/ul>\n<p>Clases te\u00f3ricas:<\/p>\n<ul>\n<li>\n<p>Coraz\u00f3n del artista.<\/p>\n<\/li>\n<li>\n<p>Excelencia versus perfeccionismo.<\/p>\n<\/li>\n<li>\n<p>Verdad y emociones.<\/p>\n<\/li>\n<li>\n<p>Cosmovisi\u00f3n del arte.<\/p>\n<\/li>\n<li>\n<p>Esfera de la sociedad.<\/p>\n<\/li>\n<\/ul>\n<p>Entre otros.<\/p>\n<p>\u00a0<\/p>\n<p>\t\t\t\t\t\t\t\t\t\t\t\t\t<img loading=\"lazy\" decoding=\"async\" width=\"577\" height=\"1024\" src=\"http:\/\/www.jucumnorte.com.ar\/es\/wp-content\/uploads\/2024\/05\/308075048_3274680092848581_5944339151305279332_n-577x1024.jpg\" alt=\"\" srcset=\"https:\/\/www.jucumnorte.com.ar\/es\/wp-content\/uploads\/2024\/05\/308075048_3274680092848581_5944339151305279332_n-577x1024.jpg 577w, https:\/\/www.jucumnorte.com.ar\/es\/wp-content\/uploads\/2024\/05\/308075048_3274680092848581_5944339151305279332_n-169x300.jpg 169w, https:\/\/www.jucumnorte.com.ar\/es\/wp-content\/uploads\/2024\/05\/308075048_3274680092848581_5944339151305279332_n-768x1364.jpg 768w, https:\/\/www.jucumnorte.com.ar\/es\/wp-content\/uploads\/2024\/05\/308075048_3274680092848581_5944339151305279332_n-865x1536.jpg 865w, https:\/\/www.jucumnorte.com.ar\/es\/wp-content\/uploads\/2024\/05\/308075048_3274680092848581_5944339151305279332_n.jpg 1153w\" sizes=\"auto, (max-width: 577px) 100vw, 577px\" \/><br \/>\n\t\t\t\t\t\t\t\t\t\t\t\t\t<img loading=\"lazy\" decoding=\"async\" width=\"577\" height=\"1024\" src=\"http:\/\/www.jucumnorte.com.ar\/es\/wp-content\/uploads\/2024\/05\/307770762_3274681186181805_5247173135401616316_n-577x1024.jpg\" alt=\"\" srcset=\"https:\/\/www.jucumnorte.com.ar\/es\/wp-content\/uploads\/2024\/05\/307770762_3274681186181805_5247173135401616316_n-577x1024.jpg 577w, https:\/\/www.jucumnorte.com.ar\/es\/wp-content\/uploads\/2024\/05\/307770762_3274681186181805_5247173135401616316_n-169x300.jpg 169w, https:\/\/www.jucumnorte.com.ar\/es\/wp-content\/uploads\/2024\/05\/307770762_3274681186181805_5247173135401616316_n-768x1364.jpg 768w, https:\/\/www.jucumnorte.com.ar\/es\/wp-content\/uploads\/2024\/05\/307770762_3274681186181805_5247173135401616316_n-865x1536.jpg 865w, https:\/\/www.jucumnorte.com.ar\/es\/wp-content\/uploads\/2024\/05\/307770762_3274681186181805_5247173135401616316_n.jpg 1153w\" sizes=\"auto, (max-width: 577px) 100vw, 577px\" \/>\t\t\t\t\t\t\t\t\t\t\t\t\t<\/p>\n<p>Como Compa\u00f1\u00eda\u00a0 tenemos el desaf\u00edo de impartir a trav\u00e9s de la escuela el car\u00e1cter de Dios como artista en los alumnos en las siguientes \u00e1reas:<\/p>\n<p>Atesorar nuestra cultura y valores art\u00edsticos para compartirlos.<\/p>\n<p>Restaurar los valores perdidos para afectar positivamente la sociedad y d\u00f3nde se desenvuelven las artes.<\/p>\n<p>Trasmitir y afirmar nuestros valores morales, familiares y culturales.<\/p>\n<p>Estimular las capacidades art\u00edsticas que poseen para hacer un aporte cultural a su naci\u00f3n<\/p>\n<h6>Cont\u00e1ctanos:\u00a0<\/h6>\n<p>\t\t\t\t\t<a href=\"https:\/\/www.facebook.com\/corazoncreativodelarte?mibextid=ZbWKwL\" target=\"_blank\" rel=\"noopener\"><br \/>\n\t\t\t\t\t\tFacebook<br \/>\n\t\t\t\t\t\t\t\t\t\t\t<\/a><br \/>\n\t\t\t\t\t<a href=\"https:\/\/www.instagram.com\/corazon_creativo_del_arte?igsh=aTExYnpnZXl1ZGVw\" target=\"_blank\" rel=\"noopener\"><br \/>\n\t\t\t\t\t\tInstagram<br \/>\n\t\t\t\t\t\t\t\t\t\t\t<\/a><\/p>\n","protected":false},"excerpt":{"rendered":"<p>A\u00f1o de Apertura:\u00a0 Escuela\u00a0de Arte en Misiones (EAMi) La escuela se encuentra en Corrientes Capital, Argentina y comenz\u00f3 con el deseo de disciplinar artistas, restaurar culturas, descubrir al Dios Artista y nuestra capacidad creativa como sus hijos. La duraci\u00f3n de la escuela es de 5 meses, siendo 3 meses pr\u00e1ctico-te\u00f3rico (el tiempo de aprendizaje en [&hellip;]<\/p>\n","protected":false},"author":1,"featured_media":0,"parent":53,"menu_order":0,"comment_status":"closed","ping_status":"open","template":"","meta":{"footnotes":""},"class_list":["post-58","page","type-page","status-publish","hentry"],"_links":{"self":[{"href":"https:\/\/www.jucumnorte.com.ar\/es\/wp-json\/wp\/v2\/pages\/58","targetHints":{"allow":["GET"]}}],"collection":[{"href":"https:\/\/www.jucumnorte.com.ar\/es\/wp-json\/wp\/v2\/pages"}],"about":[{"href":"https:\/\/www.jucumnorte.com.ar\/es\/wp-json\/wp\/v2\/types\/page"}],"author":[{"embeddable":true,"href":"https:\/\/www.jucumnorte.com.ar\/es\/wp-json\/wp\/v2\/users\/1"}],"replies":[{"embeddable":true,"href":"https:\/\/www.jucumnorte.com.ar\/es\/wp-json\/wp\/v2\/comments?post=58"}],"version-history":[{"count":15,"href":"https:\/\/www.jucumnorte.com.ar\/es\/wp-json\/wp\/v2\/pages\/58\/revisions"}],"predecessor-version":[{"id":8571,"href":"https:\/\/www.jucumnorte.com.ar\/es\/wp-json\/wp\/v2\/pages\/58\/revisions\/8571"}],"up":[{"embeddable":true,"href":"https:\/\/www.jucumnorte.com.ar\/es\/wp-json\/wp\/v2\/pages\/53"}],"wp:attachment":[{"href":"https:\/\/www.jucumnorte.com.ar\/es\/wp-json\/wp\/v2\/media?parent=58"}],"curies":[{"name":"wp","href":"https:\/\/api.w.org\/{rel}","templated":true}]}}