{"id":64,"date":"2006-02-16T16:33:25","date_gmt":"2006-02-16T19:33:25","guid":{"rendered":"http:\/\/www.jucumnorte.com.ar\/es\/ministerios\/"},"modified":"2010-09-02T21:09:41","modified_gmt":"2010-09-03T00:09:41","slug":"ministerios","status":"publish","type":"page","link":"https:\/\/www.jucumnorte.com.ar\/es\/ministerios\/","title":{"rendered":"Ministerios"},"content":{"rendered":"<p>La base de Corrientes tiene ministerios que est\u00e1n funcionando, y otros que est\u00e1n naciendo en los pr\u00f3ximos a\u00f1os. Somos aproximadamente 50 personas en la base aunque algunos del personal est\u00e1n viviendo afuera. Nuestra visi\u00f3n es auspiciosa y trabajando juntos para llevar a cabo los sue\u00f1os de Dios para nuestra ciudad, naci\u00f3n y vidas. Gracias a la misericordia y amor de Dios, lo estamos viendo&#8230; y siendo desafiados para cosas a\u00fan mayores.<\/p>\n<p>Nuestros ministerios son&#8230;<\/p>\n<ul>\n<li>Alabanza<\/li>\n<li>Arte<\/li>\n<li>Comunicaciones<\/li>\n<li>Educacion<\/li>\n<li>Estudios Biblicos<\/li>\n<li>Evangelismo<\/li>\n<li>Kings Kids<\/li>\n<li>Misericordia<\/li>\n<li>Misiones<\/li>\n<li>Plantacion de Iglesias<\/li>\n<\/ul>\n<p>Tambi\u00e9n tenemos otras \u00e1reas de trabajo muy importantes, para el desarrollo de nuestra labor diaria:<\/p>\n<ul>\n<li>Administraci\u00f3n y oficina<\/li>\n<li>Construci\u00f3n y mantenimiento<\/li>\n<\/ul>\n<p>Para mejor informaci\u00f3n acerca de uno de estas \u00e1reas, cliquear en la p\u00e1gina relacionada.<\/p>\n","protected":false},"excerpt":{"rendered":"<p>La base de Corrientes tiene ministerios que est\u00e1n funcionando, y otros que est\u00e1n naciendo en los pr\u00f3ximos a\u00f1os. Somos aproximadamente 50 personas en la base aunque algunos del personal est\u00e1n viviendo afuera. Nuestra visi\u00f3n es auspiciosa y trabajando juntos para llevar a cabo los sue\u00f1os de Dios para nuestra ciudad, naci\u00f3n y vidas. Gracias a [&hellip;]<\/p>\n","protected":false},"author":1,"featured_media":0,"parent":0,"menu_order":0,"comment_status":"closed","ping_status":"open","template":"","meta":{"footnotes":""},"class_list":["post-64","page","type-page","status-publish","hentry"],"_links":{"self":[{"href":"https:\/\/www.jucumnorte.com.ar\/es\/wp-json\/wp\/v2\/pages\/64","targetHints":{"allow":["GET"]}}],"collection":[{"href":"https:\/\/www.jucumnorte.com.ar\/es\/wp-json\/wp\/v2\/pages"}],"about":[{"href":"https:\/\/www.jucumnorte.com.ar\/es\/wp-json\/wp\/v2\/types\/page"}],"author":[{"embeddable":true,"href":"https:\/\/www.jucumnorte.com.ar\/es\/wp-json\/wp\/v2\/users\/1"}],"replies":[{"embeddable":true,"href":"https:\/\/www.jucumnorte.com.ar\/es\/wp-json\/wp\/v2\/comments?post=64"}],"version-history":[{"count":0,"href":"https:\/\/www.jucumnorte.com.ar\/es\/wp-json\/wp\/v2\/pages\/64\/revisions"}],"wp:attachment":[{"href":"https:\/\/www.jucumnorte.com.ar\/es\/wp-json\/wp\/v2\/media?parent=64"}],"curies":[{"name":"wp","href":"https:\/\/api.w.org\/{rel}","templated":true}]}}