{"id":65,"date":"2006-02-16T16:41:59","date_gmt":"2006-02-16T19:41:59","guid":{"rendered":"http:\/\/www.jucumnorte.com.ar\/es\/ministerios\/instituto-nueva-generacion\/"},"modified":"2025-02-26T10:02:55","modified_gmt":"2025-02-26T13:02:55","slug":"instituto-nueva-generacion","status":"publish","type":"page","link":"https:\/\/www.jucumnorte.com.ar\/es\/ministerios\/instituto-nueva-generacion\/","title":{"rendered":"Instituto \u00abNueva Generaci\u00f3n\u00bb"},"content":{"rendered":"<p style=\"text-align: left;\">Est\u00e1 funcionando desde el a\u00f1o 2005. En aquel entonces comenzamos con el nivel inicial: sala de 2 a 5 a\u00f1os.<br \/>Hoy en el 2020, contamos con el nivel inicial y polimodal hasta el 6to a\u00f1o, un total de m\u00e1s o menos 170\u00a0 alumnos cristianos y no cristianos.<br \/>Esto se lleva a cabo gracias a m\u00e1s de 15 personas voluntarias que est\u00e1n invirtiendo\u00a0 en la vida de estos amados ni\u00f1os y en sus familias, transmitiendo\u00a0 valores de Dios y conocimientos para lograr mujeres y hombres capaces de ejercer un cambio en nuestra sociedad y llegando a todas las naciones.<\/p>\n<h5 style=\"text-align: left;\"><strong>La visi\u00f3n:<\/strong><\/h5>\n<p style=\"text-align: left;\">Alcanzar el \u00e1rea de la educaci\u00f3n, como\u00a0 parte de la sociedad, formando personas con valores y principios cristianos. Es un espacio fundamental y estrat\u00e9gico que necesita ser alcanzado por la Luz del evangelio de Cristo.<\/p>\n<p style=\"text-align: left;\">\u00a0<\/p>\n<p style=\"text-align: center;\"><a href=\"http:\/\/www.jucumnorte.com.ar\/es\/wp-content\/uploads\/2025\/02\/80678617_778163682660866_7642746272889176064_o.jpg\"><img loading=\"lazy\" decoding=\"async\" src=\"http:\/\/www.jucumnorte.com.ar\/es\/wp-content\/uploads\/2025\/02\/80678617_778163682660866_7642746272889176064_o.jpg\" alt=\"\" width=\"960\" height=\"960\" \/><\/a><\/p>\n<h5 style=\"text-align: left;\"><strong>\u00a0<\/strong><\/h5>\n<h5 style=\"text-align: left;\"><strong>Misi\u00f3n:<\/strong><\/h5>\n<p><strong>Cuenta con varios proyectos:<\/strong><\/p>\n<p style=\"text-align: left;\">-Formar otros institutos de ense\u00f1anza con principios de Dios en otras ciudades. En este tiempo, estamos siendo parte de la fundaci\u00f3n de un Instituto en la ciudad de Gdor. Virasoro (Prov. de Corrientes).<\/p>\n<p>-Unir a los docentes cristianos que trabajen en distintas Instituciones, para realizar un discipulado y producir cambios en las escuelas p\u00fablicas.<br \/>-Discipular familias y generaciones<\/p>\n<p style=\"text-align: left;\">&#8211; Levantar padrinos que apoyen este ministerio mensualmente. Actualmente todo el personal es cristiano, voluntario y no todos son JUCUMeros.<\/p>\n<p style=\"text-align: left;\">&#8211; Adquirir una propiedad propia, para establecer el Instituto.<\/p>\n<p style=\"text-align: left;\">Vos podes ser parte de esta Visi\u00f3n\u2026<\/p>\n<div style=\"width: 720px;\" class=\"wp-video\"><video class=\"wp-video-shortcode\" id=\"video-65-1\" width=\"720\" height=\"480\" preload=\"metadata\" controls=\"controls\"><source type=\"video\/webm\" src=\"http:\/\/www.jucumnorte.com.ar\/es\/..\/wp-content\/2006\/02\/instituto-promo.webm?_=1\" \/><a href=\"http:\/\/www.jucumnorte.com.ar\/es\/..\/wp-content\/2006\/02\/instituto-promo.webm\">http:\/\/www.jucumnorte.com.ar\/es\/..\/wp-content\/2006\/02\/instituto-promo.webm<\/a><\/video><\/div>\n<p style=\"text-align: left;\"><strong>Email:<\/strong> instnvageneracion@gmail.com<br \/><strong>Tel\u00e9fono:<\/strong> +54-(0)3794-4460147<br \/><strong>Director:<\/strong> Paola Alonso<\/p>\n","protected":false},"excerpt":{"rendered":"<p>Est\u00e1 funcionando desde el a\u00f1o 2005. En aquel entonces comenzamos con el nivel inicial: sala de 2 a 5 a\u00f1os.Hoy en el 2020, contamos con el nivel inicial y polimodal hasta el 6to a\u00f1o, un total de m\u00e1s o menos 170\u00a0 alumnos cristianos y no cristianos.Esto se lleva a cabo gracias a m\u00e1s de 15 [&hellip;]<\/p>\n","protected":false},"author":1,"featured_media":0,"parent":64,"menu_order":0,"comment_status":"closed","ping_status":"open","template":"","meta":{"footnotes":""},"class_list":["post-65","page","type-page","status-publish","hentry"],"_links":{"self":[{"href":"https:\/\/www.jucumnorte.com.ar\/es\/wp-json\/wp\/v2\/pages\/65","targetHints":{"allow":["GET"]}}],"collection":[{"href":"https:\/\/www.jucumnorte.com.ar\/es\/wp-json\/wp\/v2\/pages"}],"about":[{"href":"https:\/\/www.jucumnorte.com.ar\/es\/wp-json\/wp\/v2\/types\/page"}],"author":[{"embeddable":true,"href":"https:\/\/www.jucumnorte.com.ar\/es\/wp-json\/wp\/v2\/users\/1"}],"replies":[{"embeddable":true,"href":"https:\/\/www.jucumnorte.com.ar\/es\/wp-json\/wp\/v2\/comments?post=65"}],"version-history":[{"count":10,"href":"https:\/\/www.jucumnorte.com.ar\/es\/wp-json\/wp\/v2\/pages\/65\/revisions"}],"predecessor-version":[{"id":8590,"href":"https:\/\/www.jucumnorte.com.ar\/es\/wp-json\/wp\/v2\/pages\/65\/revisions\/8590"}],"up":[{"embeddable":true,"href":"https:\/\/www.jucumnorte.com.ar\/es\/wp-json\/wp\/v2\/pages\/64"}],"wp:attachment":[{"href":"https:\/\/www.jucumnorte.com.ar\/es\/wp-json\/wp\/v2\/media?parent=65"}],"curies":[{"name":"wp","href":"https:\/\/api.w.org\/{rel}","templated":true}]}}