{"id":66,"date":"2006-02-16T16:45:37","date_gmt":"2006-02-16T19:45:37","guid":{"rendered":"http:\/\/www.jucumnorte.com.ar\/es\/ministerios\/alabanza\/"},"modified":"2025-02-26T11:02:31","modified_gmt":"2025-02-26T14:02:31","slug":"alabanza","status":"publish","type":"page","link":"https:\/\/www.jucumnorte.com.ar\/es\/ministerios\/alabanza\/","title":{"rendered":"Alabanza"},"content":{"rendered":"<p><a href=\"http:\/\/www.jucumnorte.com.ar\/es\/wp-content\/uploads\/2025\/02\/87792319_823378641472703_2387135513082462208_o.jpg\"><img loading=\"lazy\" decoding=\"async\" src=\"http:\/\/www.jucumnorte.com.ar\/es\/wp-content\/uploads\/2025\/02\/87792319_823378641472703_2387135513082462208_o.jpg\" alt=\"\" width=\"2048\" height=\"1365\" \/><\/a><\/p>\n<p>\u00a0<\/p>\n<p>El Ministerio de Alabanza es el encargado de ministrar en cada una de las reuniones dentro de la misi\u00f3n y en los cultos misioneros que se desarrollan en diferentes congregaciones de la ciudad y provincia. Durante el a\u00f1o se realizan altares de alabanza donde comprobamos el mover de la presencia de Dios en medio de la alabanza.<\/p>\n<p>\u00a0<\/p>\n<p><a href=\"http:\/\/www.jucumnorte.com.ar\/es\/wp-content\/uploads\/2025\/02\/DSC_0757-2-scaled-e1590847703312.jpg\"><img loading=\"lazy\" decoding=\"async\" src=\"http:\/\/www.jucumnorte.com.ar\/es\/wp-content\/uploads\/2025\/02\/DSC_0757-2-scaled-e1590847703312-300x226.jpg\" alt=\"\" width=\"300\" height=\"226\" \/><\/a><\/p>\n<p>\u00a0Recientemente realizamos un v\u00eddeo musical. Con m\u00fasica y letra propia. Pr\u00f3ximamente estaremos sacando un \u00e1lbum con canciones creadas por personas del ministerio.\u00a0\u00a0<\/p>\n<h6><b>CONTACTOS:<\/b><\/h6>\n<p><strong>Facebook: <\/strong>Jucum Corrientes Argentina<strong>Email: <\/strong><a href=\"mailto:jucumnorte@yahoo.com.ar\">jucumnorte@yahoo.com.ar<\/a>\u00a0\u00a0\u00a0<br \/>\n\t\t\t\t\t<a href=\"https:\/\/www.facebook.com\/share\/15PyZdwUz5\/\" target=\"_blank\"><br \/>\n\t\t\t\t\t\tFacebook<br \/>\n\t\t\t\t\t\t\t\t\t\t\t<\/a><br \/>\n\t\t\t\t\t<a href=\"https:\/\/www.instagram.com\/atrcumbiac?igsh=MTBrYnU4MHJuOTF2ag==\" target=\"_blank\"><br \/>\n\t\t\t\t\t\tInstagram<br \/>\n\t\t\t\t\t\t\t\t\t\t\t<\/a><br \/>\n\t\t\t\t\t<a href=\"https:\/\/wa.me\/5493795103843?text=\u00a1Hola!%20Me%20gustar\u00eda%20recibir%20informaci\u00f3n%20acerca%20del%20Ministerio%20de%20Producci\u00f3n%20Literaria.\" target=\"_blank\"><br \/>\n\t\t\t\t\t\tWhatsapp<br \/>\n\t\t\t\t\t\t\t\t\t\t\t<\/a><\/p>\n","protected":false},"excerpt":{"rendered":"<p>\u00a0 El Ministerio de Alabanza es el encargado de ministrar en cada una de las reuniones dentro de la misi\u00f3n y en los cultos misioneros que se desarrollan en diferentes congregaciones de la ciudad y provincia. Durante el a\u00f1o se realizan altares de alabanza donde comprobamos el mover de la presencia de Dios en medio [&hellip;]<\/p>\n","protected":false},"author":1,"featured_media":0,"parent":64,"menu_order":0,"comment_status":"closed","ping_status":"open","template":"","meta":{"footnotes":""},"class_list":["post-66","page","type-page","status-publish","hentry"],"_links":{"self":[{"href":"https:\/\/www.jucumnorte.com.ar\/es\/wp-json\/wp\/v2\/pages\/66","targetHints":{"allow":["GET"]}}],"collection":[{"href":"https:\/\/www.jucumnorte.com.ar\/es\/wp-json\/wp\/v2\/pages"}],"about":[{"href":"https:\/\/www.jucumnorte.com.ar\/es\/wp-json\/wp\/v2\/types\/page"}],"author":[{"embeddable":true,"href":"https:\/\/www.jucumnorte.com.ar\/es\/wp-json\/wp\/v2\/users\/1"}],"replies":[{"embeddable":true,"href":"https:\/\/www.jucumnorte.com.ar\/es\/wp-json\/wp\/v2\/comments?post=66"}],"version-history":[{"count":9,"href":"https:\/\/www.jucumnorte.com.ar\/es\/wp-json\/wp\/v2\/pages\/66\/revisions"}],"predecessor-version":[{"id":8609,"href":"https:\/\/www.jucumnorte.com.ar\/es\/wp-json\/wp\/v2\/pages\/66\/revisions\/8609"}],"up":[{"embeddable":true,"href":"https:\/\/www.jucumnorte.com.ar\/es\/wp-json\/wp\/v2\/pages\/64"}],"wp:attachment":[{"href":"https:\/\/www.jucumnorte.com.ar\/es\/wp-json\/wp\/v2\/media?parent=66"}],"curies":[{"name":"wp","href":"https:\/\/api.w.org\/{rel}","templated":true}]}}