{"id":67,"date":"2006-02-16T17:14:24","date_gmt":"2006-02-16T20:14:24","guid":{"rendered":"http:\/\/www.jucumnorte.com.ar\/es\/ministerios\/kings-kids\/"},"modified":"2020-09-22T19:12:06","modified_gmt":"2020-09-22T22:12:06","slug":"kings-kids","status":"publish","type":"page","link":"https:\/\/www.jucumnorte.com.ar\/es\/ministerios\/kings-kids\/","title":{"rendered":"King&#8217;s Kids"},"content":{"rendered":"<p>King\u2019s Kids \u2013 \u201cGeneraci\u00f3n con Prop\u00f3sito\u201d Ministerio cristiano de alcance mundial.<\/p>\n<p>King\u00b4s Kids es un ministerio perteneciente a Juventud con Una misi\u00f3n, internacional e interdenominacional, que trabaja con ni\u00f1os, adolescentes, j\u00f3venes y familia a trav\u00e9s del discipulado y entrenamiento, teniendo como objetivo que cada integrante lleve con su vida Alegr\u00eda al coraz\u00f3n de Dios y as\u00ed darlo a conocer a otros. En Corrientes estamos trabajando hace 20 a\u00f1os con mas de 50 ni\u00f1os entre 5 a 18 a\u00f1os impactando nuestra sociedad con teatro, circo, coreograf\u00edas, evangelismo, visita a hogares de ni\u00f1os, hospitales, etc. Extendiendo con nuestras vidas los valores basados en la verdad de Dios. Tambi\u00e9n Dios nos ha llevado ha ser parte de cada una de las familias, compartiendo con ellos encuentros de ense\u00f1anzas, juegos e inter\u00e9s en la relaci\u00f3n entre padres e hijos.<\/p>\n<p><a href=\"http:\/\/www.jucumnorte.com.ar\/es\/..\/wp-content\/2006\/02\/WhatsApp-Image-20160412.jpg\"><img loading=\"lazy\" decoding=\"async\" class=\"aligncenter wp-image-6022\" src=\"http:\/\/www.jucumnorte.com.ar\/es\/..\/wp-content\/2006\/02\/WhatsApp-Image-20160412-1024x676.jpg\" alt=\"WhatsApp-Image-20160412\" width=\"649\" height=\"429\" srcset=\"https:\/\/www.jucumnorte.com.ar\/es\/wp-content\/uploads\/2006\/02\/WhatsApp-Image-20160412-1024x676.jpg 1024w, https:\/\/www.jucumnorte.com.ar\/es\/wp-content\/uploads\/2006\/02\/WhatsApp-Image-20160412-300x198.jpg 300w, https:\/\/www.jucumnorte.com.ar\/es\/wp-content\/uploads\/2006\/02\/WhatsApp-Image-20160412-768x507.jpg 768w, https:\/\/www.jucumnorte.com.ar\/es\/wp-content\/uploads\/2006\/02\/WhatsApp-Image-20160412.jpg 1440w\" sizes=\"auto, (max-width: 649px) 100vw, 649px\" \/><\/a><a href=\"http:\/\/www.jucumnorte.com.ar\/es\/..\/wp-content\/2019\/03\/55453592_576053319538571_2408950017051066368_n.jpg\"><img loading=\"lazy\" decoding=\"async\" class=\"aligncenter wp-image-7017\" src=\"http:\/\/www.jucumnorte.com.ar\/es\/..\/wp-content\/2019\/03\/55453592_576053319538571_2408950017051066368_n.jpg\" alt=\"\" width=\"681\" height=\"454\" srcset=\"https:\/\/www.jucumnorte.com.ar\/es\/wp-content\/uploads\/2019\/03\/55453592_576053319538571_2408950017051066368_n.jpg 960w, https:\/\/www.jucumnorte.com.ar\/es\/wp-content\/uploads\/2019\/03\/55453592_576053319538571_2408950017051066368_n-300x200.jpg 300w, https:\/\/www.jucumnorte.com.ar\/es\/wp-content\/uploads\/2019\/03\/55453592_576053319538571_2408950017051066368_n-768x512.jpg 768w\" sizes=\"auto, (max-width: 681px) 100vw, 681px\" \/><\/a><\/p>\n<p>Que Ofrecemos:<\/p>\n<p>Campamento para ni\u00f1os, adolescentes y j\u00f3venes.<\/p>\n<p>Campamentos Niko para la formaci\u00f3n del liderazgo para Adolescentes y j\u00f3venes.<\/p>\n<p>Seminarios como ministrar sanidad interior a ni\u00f1os.<\/p>\n<p>Seminarios de capacitaci\u00f3n para lideres y maestros de escuela dominical. Seminarios de liderazgo para adolescentes.<\/p>\n<p>Seminarios introductorios: Visi\u00f3n, Prop\u00f3sito, Objetivos, valores y Principios Fundamentales del Ministerio con Ni\u00f1os y Adolescentes para establecer Ministerios Red Generaci\u00f3n con Prop\u00f3sito en iglesias de otras provincias del norte de nuestro pa\u00eds.<\/p>\n<p><a href=\"http:\/\/www.jucumnorte.com.ar\/es\/..\/wp-content\/2006\/02\/collage-kiki-1.jpg\"><img loading=\"lazy\" decoding=\"async\" class=\"aligncenter wp-image-6023\" src=\"http:\/\/www.jucumnorte.com.ar\/es\/..\/wp-content\/2006\/02\/collage-kiki-1-1024x256.jpg\" alt=\"collage kiki\" width=\"618\" height=\"155\" srcset=\"https:\/\/www.jucumnorte.com.ar\/es\/wp-content\/uploads\/2006\/02\/collage-kiki-1-1024x256.jpg 1024w, https:\/\/www.jucumnorte.com.ar\/es\/wp-content\/uploads\/2006\/02\/collage-kiki-1-300x75.jpg 300w, https:\/\/www.jucumnorte.com.ar\/es\/wp-content\/uploads\/2006\/02\/collage-kiki-1-768x192.jpg 768w, https:\/\/www.jucumnorte.com.ar\/es\/wp-content\/uploads\/2006\/02\/collage-kiki-1.jpg 1200w\" sizes=\"auto, (max-width: 618px) 100vw, 618px\" \/><\/a><\/p>\n<p>Que Hacemos?<\/p>\n<p>Discipulado y Entrenamiento.<\/p>\n<p>Encuentros con el elenco.<\/p>\n<p>Encuentros familiares.<\/p>\n<p>Campamentos.<\/p>\n<p>Cruzadas misionera en verano e invierno.<\/p>\n<p>Presentaciones en eventos especiales.<\/p>\n<p>Salidas evangel\u00edsticas en geri\u00e1tricos, hospitales y comedores Presentaciones en reuniones misioneras.<\/p>\n<p>Consejer\u00eda estudiantil.<\/p>\n<p>Trabajos con ministerios enfocados en la ni\u00f1ez.<\/p>\n<p><a href=\"http:\/\/www.jucumnorte.com.ar\/es\/..\/wp-content\/2019\/03\/54436274_576052829538620_449487757958447104_n.jpg\"><img loading=\"lazy\" decoding=\"async\" class=\"aligncenter wp-image-7015\" src=\"http:\/\/www.jucumnorte.com.ar\/es\/..\/wp-content\/2019\/03\/54436274_576052829538620_449487757958447104_n.jpg\" alt=\"\" width=\"701\" height=\"467\" srcset=\"https:\/\/www.jucumnorte.com.ar\/es\/wp-content\/uploads\/2019\/03\/54436274_576052829538620_449487757958447104_n.jpg 960w, https:\/\/www.jucumnorte.com.ar\/es\/wp-content\/uploads\/2019\/03\/54436274_576052829538620_449487757958447104_n-300x200.jpg 300w, https:\/\/www.jucumnorte.com.ar\/es\/wp-content\/uploads\/2019\/03\/54436274_576052829538620_449487757958447104_n-768x512.jpg 768w\" sizes=\"auto, (max-width: 701px) 100vw, 701px\" \/><\/a><\/p>\n<p><a href=\"http:\/\/www.jucumnorte.com.ar\/es\/..\/wp-content\/2019\/03\/54398096_576052802871956_5170581299382976512_n.jpg\"><img loading=\"lazy\" decoding=\"async\" class=\"aligncenter wp-image-7016\" src=\"http:\/\/www.jucumnorte.com.ar\/es\/..\/wp-content\/2019\/03\/54398096_576052802871956_5170581299382976512_n.jpg\" alt=\"\" width=\"702\" height=\"468\" srcset=\"https:\/\/www.jucumnorte.com.ar\/es\/wp-content\/uploads\/2019\/03\/54398096_576052802871956_5170581299382976512_n.jpg 960w, https:\/\/www.jucumnorte.com.ar\/es\/wp-content\/uploads\/2019\/03\/54398096_576052802871956_5170581299382976512_n-300x200.jpg 300w, https:\/\/www.jucumnorte.com.ar\/es\/wp-content\/uploads\/2019\/03\/54398096_576052802871956_5170581299382976512_n-768x512.jpg 768w\" sizes=\"auto, (max-width: 702px) 100vw, 702px\" \/><\/a><\/p>\n<p><strong>Email:<\/strong> <a href=\"mailto:kingskidsnorte@hotmail.com\">kingskidsnorte@hotmail.com<\/a><\/p>\n<p><strong>Tel\u00e9fono:<\/strong> +54-(0)3783-455568<br \/>\n<strong>L\u00edder: Vanesa Gonzales<\/strong><!--contactus_KingsKids--><\/p>\n","protected":false},"excerpt":{"rendered":"<p>King\u2019s Kids \u2013 \u201cGeneraci\u00f3n con Prop\u00f3sito\u201d Ministerio cristiano de alcance mundial. King\u00b4s Kids es un ministerio perteneciente a Juventud con Una misi\u00f3n, internacional e interdenominacional, que trabaja con ni\u00f1os, adolescentes, j\u00f3venes y familia a trav\u00e9s del discipulado y entrenamiento, teniendo como objetivo que cada integrante lleve con su vida Alegr\u00eda al coraz\u00f3n de Dios y [&hellip;]<\/p>\n","protected":false},"author":1,"featured_media":0,"parent":64,"menu_order":0,"comment_status":"closed","ping_status":"open","template":"","meta":{"footnotes":""},"class_list":["post-67","page","type-page","status-publish","hentry"],"_links":{"self":[{"href":"https:\/\/www.jucumnorte.com.ar\/es\/wp-json\/wp\/v2\/pages\/67","targetHints":{"allow":["GET"]}}],"collection":[{"href":"https:\/\/www.jucumnorte.com.ar\/es\/wp-json\/wp\/v2\/pages"}],"about":[{"href":"https:\/\/www.jucumnorte.com.ar\/es\/wp-json\/wp\/v2\/types\/page"}],"author":[{"embeddable":true,"href":"https:\/\/www.jucumnorte.com.ar\/es\/wp-json\/wp\/v2\/users\/1"}],"replies":[{"embeddable":true,"href":"https:\/\/www.jucumnorte.com.ar\/es\/wp-json\/wp\/v2\/comments?post=67"}],"version-history":[{"count":0,"href":"https:\/\/www.jucumnorte.com.ar\/es\/wp-json\/wp\/v2\/pages\/67\/revisions"}],"up":[{"embeddable":true,"href":"https:\/\/www.jucumnorte.com.ar\/es\/wp-json\/wp\/v2\/pages\/64"}],"wp:attachment":[{"href":"https:\/\/www.jucumnorte.com.ar\/es\/wp-json\/wp\/v2\/media?parent=67"}],"curies":[{"name":"wp","href":"https:\/\/api.w.org\/{rel}","templated":true}]}}