{"id":6745,"date":"2018-02-28T19:11:44","date_gmt":"2018-02-28T22:11:44","guid":{"rendered":"http:\/\/www.jucumnorte.com.ar\/es\/?page_id=6745"},"modified":"2025-02-26T10:42:28","modified_gmt":"2025-02-26T13:42:28","slug":"produccion-literaria","status":"publish","type":"page","link":"https:\/\/www.jucumnorte.com.ar\/es\/produccion-literaria\/","title":{"rendered":"Producci\u00f3n Literaria"},"content":{"rendered":"<h6>A\u00d1O DE APERTURA: 2011<\/h6>\n<p>Nuestra <b>VISI\u00d3N<\/b> es que las personas y familias tengan un encuentro con Cristo y afirmen los principios de la Palabra de Dios en sus vidas, para que ellos mismos se transformen en modelos.<\/p>\n<p>\t\t\t\t\t\t\t\t\t\t\t\t\t<img loading=\"lazy\" decoding=\"async\" width=\"720\" height=\"960\" src=\"http:\/\/www.jucumnorte.com.ar\/es\/wp-content\/uploads\/2024\/03\/produ1.jpg\" alt=\"\" srcset=\"https:\/\/www.jucumnorte.com.ar\/es\/wp-content\/uploads\/2024\/03\/produ1.jpg 720w, https:\/\/www.jucumnorte.com.ar\/es\/wp-content\/uploads\/2024\/03\/produ1-225x300.jpg 225w\" sizes=\"auto, (max-width: 720px) 100vw, 720px\" \/><br \/>\n\t\t\t\t\t\t\t\t\t\t\t\t\t<img loading=\"lazy\" decoding=\"async\" width=\"1024\" height=\"683\" src=\"http:\/\/www.jucumnorte.com.ar\/es\/wp-content\/uploads\/2024\/03\/produ2-1024x683.jpg\" alt=\"\" srcset=\"https:\/\/www.jucumnorte.com.ar\/es\/wp-content\/uploads\/2024\/03\/produ2-1024x683.jpg 1024w, https:\/\/www.jucumnorte.com.ar\/es\/wp-content\/uploads\/2024\/03\/produ2-300x200.jpg 300w, https:\/\/www.jucumnorte.com.ar\/es\/wp-content\/uploads\/2024\/03\/produ2-768x512.jpg 768w, https:\/\/www.jucumnorte.com.ar\/es\/wp-content\/uploads\/2024\/03\/produ2.jpg 1080w\" sizes=\"auto, (max-width: 1024px) 100vw, 1024px\" \/>\t\t\t\t\t\t\t\t\t\t\t\t\t<\/p>\n<p>La <b>MISI\u00d3N<\/b> que tenemos es ser un ministerio de producci\u00f3n, edici\u00f3n y distribuci\u00f3n de literatura impresa y virtual, de<br \/>recursos audio visuales y material did\u00e1ctico, de alcance internacional.<br \/>Ser una escuela formadora de escritores cristianos en todos los g\u00e9neros de la literatura.<\/p>\n<h6><b>ESTAD\u00cdSTICAS DE ALCANCE:<\/b><\/h6>\n<ul>\n<li>\n<p>Hemos creado 13 cuentos infantiles.<\/p>\n<\/li>\n<li>\n<p>Hemos impreso 12 mil cuentos.<\/p>\n<\/li>\n<li>\n<p>Nuestros cuentos han llegado a todos los pa\u00edses de Am\u00e9rica Latina, y a algunos pa\u00edses de Asia y Europa.<\/p>\n<\/li>\n<li>\n<p>Hemos creado 6 materiales educativos para padres, maestros y pastores.<\/p>\n<\/li>\n<li>\n<p>Hemos alcanzado con el mensaje del evangelio a m\u00e1s de 10 mil ni\u00f1os a trav\u00e9s de nuestros<\/p>\n<p>cuentos y eventos evangel\u00edsticos.<\/p>\n<\/li>\n<li>\n<p>Hemos visitado con nuestros cuentos: Hospital pedi\u00e1trico, hogares de ni\u00f1os, jardines<\/p>\n<p>infantiles, escuelas primarias, plazas y parques p\u00fablicos, merenderos, barrios carenciados,iglesias locales.<\/p>\n<\/li>\n<\/ul>\n<p>\t\t\t\t\t\t\t\t\t\t\t\t\t<img loading=\"lazy\" decoding=\"async\" width=\"1024\" height=\"682\" src=\"http:\/\/www.jucumnorte.com.ar\/es\/wp-content\/uploads\/2024\/03\/produ3-1024x682.jpg\" alt=\"\" srcset=\"https:\/\/www.jucumnorte.com.ar\/es\/wp-content\/uploads\/2024\/03\/produ3-1024x682.jpg 1024w, https:\/\/www.jucumnorte.com.ar\/es\/wp-content\/uploads\/2024\/03\/produ3-300x200.jpg 300w, https:\/\/www.jucumnorte.com.ar\/es\/wp-content\/uploads\/2024\/03\/produ3-768x512.jpg 768w, https:\/\/www.jucumnorte.com.ar\/es\/wp-content\/uploads\/2024\/03\/produ3.jpg 1178w\" sizes=\"auto, (max-width: 1024px) 100vw, 1024px\" \/><br \/>\n\t\t\t\t\t\t\t\t\t\t\t\t\t<img loading=\"lazy\" decoding=\"async\" width=\"1024\" height=\"683\" src=\"http:\/\/www.jucumnorte.com.ar\/es\/wp-content\/uploads\/2024\/03\/produ4-1024x683.png\" alt=\"\" srcset=\"https:\/\/www.jucumnorte.com.ar\/es\/wp-content\/uploads\/2024\/03\/produ4-1024x683.png 1024w, https:\/\/www.jucumnorte.com.ar\/es\/wp-content\/uploads\/2024\/03\/produ4-300x200.png 300w, https:\/\/www.jucumnorte.com.ar\/es\/wp-content\/uploads\/2024\/03\/produ4-768x512.png 768w, https:\/\/www.jucumnorte.com.ar\/es\/wp-content\/uploads\/2024\/03\/produ4-1536x1025.png 1536w, https:\/\/www.jucumnorte.com.ar\/es\/wp-content\/uploads\/2024\/03\/produ4.png 1769w\" sizes=\"auto, (max-width: 1024px) 100vw, 1024px\" \/><br \/>\n\t\t\t\t\t\t\t\t\t\t\t\t\t<img loading=\"lazy\" decoding=\"async\" width=\"576\" height=\"1024\" src=\"http:\/\/www.jucumnorte.com.ar\/es\/wp-content\/uploads\/2024\/03\/produ6.jpg-576x1024.png\" alt=\"\" srcset=\"https:\/\/www.jucumnorte.com.ar\/es\/wp-content\/uploads\/2024\/03\/produ6.jpg-576x1024.png 576w, https:\/\/www.jucumnorte.com.ar\/es\/wp-content\/uploads\/2024\/03\/produ6.jpg-169x300.png 169w, https:\/\/www.jucumnorte.com.ar\/es\/wp-content\/uploads\/2024\/03\/produ6.jpg-768x1366.png 768w, https:\/\/www.jucumnorte.com.ar\/es\/wp-content\/uploads\/2024\/03\/produ6.jpg-864x1536.png 864w, https:\/\/www.jucumnorte.com.ar\/es\/wp-content\/uploads\/2024\/03\/produ6.jpg-1152x2048.png 1152w, https:\/\/www.jucumnorte.com.ar\/es\/wp-content\/uploads\/2024\/03\/produ6.jpg.png 1464w\" sizes=\"auto, (max-width: 576px) 100vw, 576px\" \/>\t\t\t\t\t\t\t\t\t\t\t\t\t<\/p>\n<p>El equipo esta compuesto por 13 personas de diferentes profesiones y\/o edades, siendo estos:<\/p>\n<p>Dise\u00f1adores gr\u00e1ficos (2),<\/p>\n<p>Profesores de artes visuales (2),<\/p>\n<p>Docentes (2),<\/p>\n<p>Estudiantes (2),<\/p>\n<p>Dibujante (1),<\/p>\n<p>Pintor (1),<\/p>\n<p>Encuadernador (1),<\/p>\n<p>Licenciada en Educaci\u00f3n (1),<\/p>\n<p>Dise\u00f1adora de moda (1).<\/p>\n<p>\u00a0<\/p>\n<h6><b>DIRECTORA:\u00a0 Katerine G\u00f3mez Alcayaga<\/b><\/h6>\n<h6>Cont\u00e1ctanos:\u00a0<\/h6>\n<p>Correo: k.gomezalcayaga@gmail.com<\/p>\n<p>\u00a0<\/p>\n<p>\t\t\t\t\t<a href=\"https:\/\/www.facebook.com\/share\/15PyZdwUz5\/\" target=\"_blank\"><br \/>\n\t\t\t\t\t\tFacebook<br \/>\n\t\t\t\t\t\t\t\t\t\t\t<\/a><br \/>\n\t\t\t\t\t<a href=\"https:\/\/www.instagram.com\/produccliterariajucum_corrien?igsh=cXM1aWwzMXdzemxl\" target=\"_blank\"><br \/>\n\t\t\t\t\t\tInstagram<br \/>\n\t\t\t\t\t\t\t\t\t\t\t<\/a><br \/>\n\t\t\t\t\t<a href=\"https:\/\/wa.me\/5493795103843?text=\u00a1Hola!%20Me%20gustar\u00eda%20recibir%20informaci\u00f3n%20acerca%20del%20Ministerio%20de%20Producci\u00f3n%20Literaria.\" target=\"_blank\"><br \/>\n\t\t\t\t\t\tWhatsapp<br \/>\n\t\t\t\t\t\t\t\t\t\t\t<\/a><\/p>\n","protected":false},"excerpt":{"rendered":"<p>A\u00d1O DE APERTURA: 2011 Nuestra VISI\u00d3N es que las personas y familias tengan un encuentro con Cristo y afirmen los principios de la Palabra de Dios en sus vidas, para que ellos mismos se transformen en modelos. La MISI\u00d3N que tenemos es ser un ministerio de producci\u00f3n, edici\u00f3n y distribuci\u00f3n de literatura impresa y virtual, [&hellip;]<\/p>\n","protected":false},"author":1,"featured_media":0,"parent":0,"menu_order":0,"comment_status":"closed","ping_status":"closed","template":"","meta":{"footnotes":""},"class_list":["post-6745","page","type-page","status-publish","hentry"],"_links":{"self":[{"href":"https:\/\/www.jucumnorte.com.ar\/es\/wp-json\/wp\/v2\/pages\/6745","targetHints":{"allow":["GET"]}}],"collection":[{"href":"https:\/\/www.jucumnorte.com.ar\/es\/wp-json\/wp\/v2\/pages"}],"about":[{"href":"https:\/\/www.jucumnorte.com.ar\/es\/wp-json\/wp\/v2\/types\/page"}],"author":[{"embeddable":true,"href":"https:\/\/www.jucumnorte.com.ar\/es\/wp-json\/wp\/v2\/users\/1"}],"replies":[{"embeddable":true,"href":"https:\/\/www.jucumnorte.com.ar\/es\/wp-json\/wp\/v2\/comments?post=6745"}],"version-history":[{"count":36,"href":"https:\/\/www.jucumnorte.com.ar\/es\/wp-json\/wp\/v2\/pages\/6745\/revisions"}],"predecessor-version":[{"id":8600,"href":"https:\/\/www.jucumnorte.com.ar\/es\/wp-json\/wp\/v2\/pages\/6745\/revisions\/8600"}],"wp:attachment":[{"href":"https:\/\/www.jucumnorte.com.ar\/es\/wp-json\/wp\/v2\/media?parent=6745"}],"curies":[{"name":"wp","href":"https:\/\/api.w.org\/{rel}","templated":true}]}}