{"id":68,"date":"2006-02-17T09:41:22","date_gmt":"2006-02-17T12:41:22","guid":{"rendered":"http:\/\/www.jucumnorte.com.ar\/es\/ministerios\/misericordia\/"},"modified":"2025-02-26T10:21:29","modified_gmt":"2025-02-26T13:21:29","slug":"misericordia","status":"publish","type":"page","link":"https:\/\/www.jucumnorte.com.ar\/es\/ministerios\/misericordia\/","title":{"rendered":"Rescate y restauracion (Misericordia)"},"content":{"rendered":"<h6><strong>A\u00d1O DE APERTURA: Entre 1998 y 1999.<\/strong><\/h6>\n<p>\u00a0<\/p>\n<p>Nuestra <strong>MISI\u00d3N<\/strong> es ser respuesta ante las diferentes problem\u00e1ticas sociales presentes en la ni\u00f1ez y familias en riesgo de nuestro barrio y ciudad, a trav\u00e9s de la misericordia y amor pr\u00e1ctico.<\/p>\n<p>\t\t\t\t\t\t\t\t\t\t\t\t\t<img loading=\"lazy\" decoding=\"async\" width=\"1024\" height=\"744\" src=\"http:\/\/www.jucumnorte.com.ar\/es\/wp-content\/uploads\/2024\/04\/WhatsApp-Image-2024-04-16-at-18.36.15-1024x744.jpeg\" alt=\"\" srcset=\"https:\/\/www.jucumnorte.com.ar\/es\/wp-content\/uploads\/2024\/04\/WhatsApp-Image-2024-04-16-at-18.36.15-1024x744.jpeg 1024w, https:\/\/www.jucumnorte.com.ar\/es\/wp-content\/uploads\/2024\/04\/WhatsApp-Image-2024-04-16-at-18.36.15-300x218.jpeg 300w, https:\/\/www.jucumnorte.com.ar\/es\/wp-content\/uploads\/2024\/04\/WhatsApp-Image-2024-04-16-at-18.36.15-768x558.jpeg 768w, https:\/\/www.jucumnorte.com.ar\/es\/wp-content\/uploads\/2024\/04\/WhatsApp-Image-2024-04-16-at-18.36.15-1536x1116.jpeg 1536w, https:\/\/www.jucumnorte.com.ar\/es\/wp-content\/uploads\/2024\/04\/WhatsApp-Image-2024-04-16-at-18.36.15.jpeg 1600w\" sizes=\"auto, (max-width: 1024px) 100vw, 1024px\" \/><br \/>\n\t\t\t\t\t\t\t\t\t\t\t\t\t<img loading=\"lazy\" decoding=\"async\" width=\"1024\" height=\"744\" src=\"http:\/\/www.jucumnorte.com.ar\/es\/wp-content\/uploads\/2024\/04\/WhatsApp-Image-2024-04-16-at-18.36.16-1024x744.jpeg\" alt=\"\" srcset=\"https:\/\/www.jucumnorte.com.ar\/es\/wp-content\/uploads\/2024\/04\/WhatsApp-Image-2024-04-16-at-18.36.16-1024x744.jpeg 1024w, https:\/\/www.jucumnorte.com.ar\/es\/wp-content\/uploads\/2024\/04\/WhatsApp-Image-2024-04-16-at-18.36.16-300x218.jpeg 300w, https:\/\/www.jucumnorte.com.ar\/es\/wp-content\/uploads\/2024\/04\/WhatsApp-Image-2024-04-16-at-18.36.16-768x558.jpeg 768w, https:\/\/www.jucumnorte.com.ar\/es\/wp-content\/uploads\/2024\/04\/WhatsApp-Image-2024-04-16-at-18.36.16-1536x1116.jpeg 1536w, https:\/\/www.jucumnorte.com.ar\/es\/wp-content\/uploads\/2024\/04\/WhatsApp-Image-2024-04-16-at-18.36.16.jpeg 1600w\" sizes=\"auto, (max-width: 1024px) 100vw, 1024px\" \/>\t\t\t\t\t\t\t\t\t\t\t\t\t<\/p>\n<p>La <strong>VISI\u00d3N<\/strong> es alcanzar a la ni\u00f1ez y familias en riesgo con el mensaje de salvaci\u00f3n, siendo expresi\u00f3n de la misericordia y el amor de Dios. Ser parte del fruto de la transformaci\u00f3n en la vida de personas, familias y comunidades a trav\u00e9s de la pr\u00e1ctica de los principios b\u00edblicos.<\/p>\n<p>\u00a0<\/p>\n<h6><strong>A<\/strong><strong>CTIVIDADES:<\/strong><\/h6>\n<ul>\n<li>\n<p><strong>Casa Abierta:<\/strong> Es un espacio en el que ofrecemos contenci\u00f3n a los ni\u00f1os del barrio a trav\u00e9s de un programa realizado por las ma\u00f1anas en el que les brindamos desayuno, lecciones y ense\u00f1anzas de principios b\u00edblicos, apoyo escolar gratuito, tiempo de calidad y juegos.<\/p>\n<\/li>\n<li>\n<p>Visitas a Familias: Extendemos nuestro v\u00ednculo con los ni\u00f1os que asisten a \u00abCasa Abierta\u00bb\u00a0 y sus familias, a trav\u00e9s de visitas que tienen por objetivo alcanzarlos con el mensaje de salvaci\u00f3n y el acompa\u00f1amiento con intercesi\u00f3n y de forma pr\u00e1ctica.<\/p>\n<\/li>\n<li>\n<p>Visitas a Hogares: Programa de actividades destinado a 3 hogares de nuestra provincia, adaptados a su contexto y necesidades, con el objetivo de que conozcan del amor de Jes\u00fas, transformando sus vidas y rumbo futuro.<\/p>\n<\/li>\n<li>\n<p>Evangelismos tem\u00e1ticos: Realizamos evangelismos con diferentes enfoques relacionados a fechas importantes, o problem\u00e1ticas sociales espec\u00edficas para alcanzar a los vecinos de nuestro barrio y transe\u00fantes de nuestra ciudad, con un mensaje de informaci\u00f3n \u00fatil como herramienta para comunicar el mensaje de Cristo.<\/p>\n<\/li>\n<li>\n<p>Charlas de Prevenci\u00f3n en Escuelas: Brindamos charlas y talleres dirigidos a alumnos, personal educativo y padres, abordando herramientas de prevenci\u00f3n ante diferentes problem\u00e1ticas sociales actuales, difundiendo y promoviendo valores y principios de vida para contribuir a la transformaci\u00f3n de la sociedad.<\/p>\n<\/li>\n<\/ul>\n<h6><strong>ESTAD\u00cdSTICAS DE ALCANCE:<\/strong><\/h6>\n<p>&#8211; Casa Abierta y Visitas a Familias: Aproximadamente entre 25 y 30 ni\u00f1os, tambi\u00e9n a sus familias.<\/p>\n<p>-Visitas a Hogares: 3 Hogares en la ciudad de Corrientes.<\/p>\n<p>-Charlas en Escuelas: Aproximadamente 5 escuelas en la ciudad.<\/p>\n<p>\t\t\t\t\t\t\t\t\t\t\t\t\t<img loading=\"lazy\" decoding=\"async\" width=\"1024\" height=\"682\" src=\"http:\/\/www.jucumnorte.com.ar\/es\/wp-content\/uploads\/2024\/04\/WhatsApp-Image-2024-04-16-at-18.36.17-1024x682.jpeg\" alt=\"\" srcset=\"https:\/\/www.jucumnorte.com.ar\/es\/wp-content\/uploads\/2024\/04\/WhatsApp-Image-2024-04-16-at-18.36.17-1024x682.jpeg 1024w, https:\/\/www.jucumnorte.com.ar\/es\/wp-content\/uploads\/2024\/04\/WhatsApp-Image-2024-04-16-at-18.36.17-300x200.jpeg 300w, https:\/\/www.jucumnorte.com.ar\/es\/wp-content\/uploads\/2024\/04\/WhatsApp-Image-2024-04-16-at-18.36.17-768x512.jpeg 768w, https:\/\/www.jucumnorte.com.ar\/es\/wp-content\/uploads\/2024\/04\/WhatsApp-Image-2024-04-16-at-18.36.17-1536x1023.jpeg 1536w, https:\/\/www.jucumnorte.com.ar\/es\/wp-content\/uploads\/2024\/04\/WhatsApp-Image-2024-04-16-at-18.36.17.jpeg 1600w\" sizes=\"auto, (max-width: 1024px) 100vw, 1024px\" \/><br \/>\n\t\t\t\t\t\t\t\t\t\t\t\t\t<img loading=\"lazy\" decoding=\"async\" width=\"300\" height=\"300\" src=\"http:\/\/www.jucumnorte.com.ar\/es\/wp-content\/uploads\/2024\/04\/WhatsApp-Image-2024-04-16-at-18.36.18-1-300x300.jpeg\" alt=\"\" srcset=\"https:\/\/www.jucumnorte.com.ar\/es\/wp-content\/uploads\/2024\/04\/WhatsApp-Image-2024-04-16-at-18.36.18-1-300x300.jpeg 300w, https:\/\/www.jucumnorte.com.ar\/es\/wp-content\/uploads\/2024\/04\/WhatsApp-Image-2024-04-16-at-18.36.18-1-150x150.jpeg 150w, https:\/\/www.jucumnorte.com.ar\/es\/wp-content\/uploads\/2024\/04\/WhatsApp-Image-2024-04-16-at-18.36.18-1-768x768.jpeg 768w, https:\/\/www.jucumnorte.com.ar\/es\/wp-content\/uploads\/2024\/04\/WhatsApp-Image-2024-04-16-at-18.36.18-1.jpeg 818w\" sizes=\"auto, (max-width: 300px) 100vw, 300px\" \/><br \/>\n\t\t\t\t\t\t\t\t\t\t\t\t\t<img loading=\"lazy\" decoding=\"async\" width=\"1024\" height=\"768\" src=\"http:\/\/www.jucumnorte.com.ar\/es\/wp-content\/uploads\/2024\/04\/WhatsApp-Image-2024-04-16-at-18.36.18-1024x768.jpeg\" alt=\"\" srcset=\"https:\/\/www.jucumnorte.com.ar\/es\/wp-content\/uploads\/2024\/04\/WhatsApp-Image-2024-04-16-at-18.36.18-1024x768.jpeg 1024w, https:\/\/www.jucumnorte.com.ar\/es\/wp-content\/uploads\/2024\/04\/WhatsApp-Image-2024-04-16-at-18.36.18-300x225.jpeg 300w, https:\/\/www.jucumnorte.com.ar\/es\/wp-content\/uploads\/2024\/04\/WhatsApp-Image-2024-04-16-at-18.36.18-768x576.jpeg 768w, https:\/\/www.jucumnorte.com.ar\/es\/wp-content\/uploads\/2024\/04\/WhatsApp-Image-2024-04-16-at-18.36.18-1536x1152.jpeg 1536w, https:\/\/www.jucumnorte.com.ar\/es\/wp-content\/uploads\/2024\/04\/WhatsApp-Image-2024-04-16-at-18.36.18.jpeg 1600w\" sizes=\"auto, (max-width: 1024px) 100vw, 1024px\" \/>\t\t\t\t\t\t\t\t\t\t\t\t\t<\/p>\n<h6>EQUIPO DE TRABAJO:<\/h6>\n<p>Aproximadamente 15 personas (5 colaboradores y 10 a tiempo completo).<\/p>\n<p>\u00a0<\/p>\n<h6>Cont\u00e1ctanos:\u00a0<\/h6>\n<p>\t\t\t\t\t<a href=\"https:\/\/www.facebook.com\/profile.php?id=100076265132124&#038;mibextid=ZbWKwL\" target=\"_blank\"><br \/>\n\t\t\t\t\t\tFacebook<br \/>\n\t\t\t\t\t\t\t\t\t\t\t<\/a><br \/>\n\t\t\t\t\t<a href=\"https:\/\/www.instagram.com\/rescateymisericordia?igsh=MXJhNThtcWY4bTQydQ==\" target=\"_blank\"><br \/>\n\t\t\t\t\t\tInstagram<br \/>\n\t\t\t\t\t\t\t\t\t\t\t<\/a><br \/>\n\t\t\t\t\t<a href=\"https:\/\/wa.me\/5493884395327?text=\u00a1Hola!%20Me%20gustar\u00eda%20recibir%20informaci\u00f3n%20sobre%20el%20Ministerio%20de%20Rescate%20y%20Restauraci\u00f3n.\" target=\"_blank\"><br \/>\n\t\t\t\t\t\tWhatsapp<br \/>\n\t\t\t\t\t\t\t\t\t\t\t<\/a><\/p>\n","protected":false},"excerpt":{"rendered":"<p>A\u00d1O DE APERTURA: Entre 1998 y 1999. \u00a0 Nuestra MISI\u00d3N es ser respuesta ante las diferentes problem\u00e1ticas sociales presentes en la ni\u00f1ez y familias en riesgo de nuestro barrio y ciudad, a trav\u00e9s de la misericordia y amor pr\u00e1ctico. La VISI\u00d3N es alcanzar a la ni\u00f1ez y familias en riesgo con el mensaje de salvaci\u00f3n, [&hellip;]<\/p>\n","protected":false},"author":1,"featured_media":0,"parent":64,"menu_order":0,"comment_status":"closed","ping_status":"open","template":"","meta":{"footnotes":""},"class_list":["post-68","page","type-page","status-publish","hentry"],"_links":{"self":[{"href":"https:\/\/www.jucumnorte.com.ar\/es\/wp-json\/wp\/v2\/pages\/68","targetHints":{"allow":["GET"]}}],"collection":[{"href":"https:\/\/www.jucumnorte.com.ar\/es\/wp-json\/wp\/v2\/pages"}],"about":[{"href":"https:\/\/www.jucumnorte.com.ar\/es\/wp-json\/wp\/v2\/types\/page"}],"author":[{"embeddable":true,"href":"https:\/\/www.jucumnorte.com.ar\/es\/wp-json\/wp\/v2\/users\/1"}],"replies":[{"embeddable":true,"href":"https:\/\/www.jucumnorte.com.ar\/es\/wp-json\/wp\/v2\/comments?post=68"}],"version-history":[{"count":7,"href":"https:\/\/www.jucumnorte.com.ar\/es\/wp-json\/wp\/v2\/pages\/68\/revisions"}],"predecessor-version":[{"id":8613,"href":"https:\/\/www.jucumnorte.com.ar\/es\/wp-json\/wp\/v2\/pages\/68\/revisions\/8613"}],"up":[{"embeddable":true,"href":"https:\/\/www.jucumnorte.com.ar\/es\/wp-json\/wp\/v2\/pages\/64"}],"wp:attachment":[{"href":"https:\/\/www.jucumnorte.com.ar\/es\/wp-json\/wp\/v2\/media?parent=68"}],"curies":[{"name":"wp","href":"https:\/\/api.w.org\/{rel}","templated":true}]}}