{"id":73,"date":"2006-02-17T10:23:49","date_gmt":"2006-02-17T13:23:49","guid":{"rendered":"http:\/\/www.jucumnorte.com.ar\/es\/ministerios\/misiones\/"},"modified":"2025-04-02T12:22:10","modified_gmt":"2025-04-02T15:22:10","slug":"misiones","status":"publish","type":"page","link":"https:\/\/www.jucumnorte.com.ar\/es\/ministerios\/misiones\/","title":{"rendered":"Misiones"},"content":{"rendered":"<h6>A\u00d1O DE APERTURA: 1.999<\/h6>\n<p>Como ministerio nuestra <strong>VISI\u00d3N<\/strong> es la movilizaci\u00f3n de la iglesia, la intercesi\u00f3n y el apoyo en el \u00e1rea de las misiones. Esta es la base fundamental por la cual trabajamos para cumplir el llamado de la gran comisi\u00f3n, \u201cMateo 28\u201d. Nos comprometemos a sostener la cuerda en el cuidado pastoral de misioneros en el campo, como as\u00ed tambi\u00e9n el env\u00edo de misioneros a lugares locales y transculturales.<\/p>\n<figure><img decoding=\"async\" src=\"http:\/\/www.jucumnorte.com.ar\/es\/wp-content\/uploads\/2025\/04\/photo_5148085970539753467_y-150x150.jpg\" alt=\"photo_5148085970539753467_y\" \/><\/figure>\n<figure><img decoding=\"async\" src=\"http:\/\/www.jucumnorte.com.ar\/es\/wp-content\/uploads\/2025\/04\/photo_5148085970539753475_y-150x150.jpg\" alt=\"photo_5148085970539753475_y\" \/><\/figure>\n<figure><img decoding=\"async\" src=\"http:\/\/www.jucumnorte.com.ar\/es\/wp-content\/uploads\/2025\/04\/photo_5148085970539753471_y-150x150.jpg\" alt=\"photo_5148085970539753471_y\" \/><\/figure>\n<figure><img decoding=\"async\" src=\"http:\/\/www.jucumnorte.com.ar\/es\/wp-content\/uploads\/2024\/05\/WhatsApp-Image-2024-05-21-at-19.41.00-1-150x150.jpeg\" alt=\"WhatsApp Image 2024-05-21 at 19.41.00 (1)\" \/><\/figure>\n<figure><img decoding=\"async\" src=\"http:\/\/www.jucumnorte.com.ar\/es\/wp-content\/uploads\/2024\/05\/WhatsApp-Image-2024-04-19-at-22.20.44-150x150.jpeg\" alt=\"WhatsApp Image 2024-04-19 at 22.20.44\" \/><\/figure>\n<figure><img decoding=\"async\" src=\"http:\/\/www.jucumnorte.com.ar\/es\/wp-content\/uploads\/2025\/04\/photo_5148085970539753464_y-150x150.jpg\" alt=\"photo_5148085970539753464_y\" \/><\/figure>\n<figure><img decoding=\"async\" src=\"http:\/\/www.jucumnorte.com.ar\/es\/wp-content\/uploads\/2025\/04\/photo_5148085970539753474_y-150x150.jpg\" alt=\"photo_5148085970539753474_y\" \/><\/figure>\n<p>Nuestra <strong>MISI\u00d3N<\/strong> es capacitar y ser facilitadores de la informaci\u00f3n en misiones mundiales y locales a la iglesia y otros ministerios, apoyando financieramente y en oraci\u00f3n a misioneros que est\u00e1n trabajando con proyectos en diferentes lugares.<\/p>\n<h6>\u00a0<\/h6>\n<h6>EL EQUIPO DE TRABAJO CONTEMPLA LAS SIGUIENTES \u00c1REAS:<\/h6>\n<ul>\n<li>\n<p>Finanzas.<\/p>\n<\/li>\n<li>\n<p>Recaudaci\u00f3n de Fondos para misioneros.<\/p>\n<\/li>\n<li>\n<p>Comunicaciones y redes sociales.<\/p>\n<\/li>\n<li>\n<p>Intercesiones<\/p>\n<\/li>\n<li>\n<p>Stand Misionero.<\/p>\n<\/li>\n<li>\n<p>Feria de Naciones.<\/p>\n<\/li>\n<li>\n<p>Capacitaciones.<\/p>\n<\/li>\n<li>\n<p>Escuela de Misiones Transculturales.<\/p>\n<\/li>\n<li>\n<p>Cuidado pastoral.<\/p>\n<\/li>\n<li>\n<p>Navidad Diferente<\/p>\n<\/li>\n<li>\n<p>Conexiones con Misioneros.<\/p>\n<\/li>\n<\/ul>\n<p>Hoy nuestro STAFF est\u00e1 conformado por <strong>14 personas<\/strong>, bajo el lidereazgo de Marcos Avena Mora con m\u00e1s de 12 a\u00f1os de experiencia en las diferentes \u00e1reas de trabajo dentro del ministerio.<\/p>\n<p>\t\t\t\t\t\t\t\t\t\t\t\t\t<img loading=\"lazy\" decoding=\"async\" width=\"1024\" height=\"768\" src=\"http:\/\/www.jucumnorte.com.ar\/es\/wp-content\/uploads\/2025\/04\/photo_5148085970539753465_y-1024x768.jpg\" alt=\"\" srcset=\"https:\/\/www.jucumnorte.com.ar\/es\/wp-content\/uploads\/2025\/04\/photo_5148085970539753465_y-1024x768.jpg 1024w, https:\/\/www.jucumnorte.com.ar\/es\/wp-content\/uploads\/2025\/04\/photo_5148085970539753465_y-300x225.jpg 300w, https:\/\/www.jucumnorte.com.ar\/es\/wp-content\/uploads\/2025\/04\/photo_5148085970539753465_y-768x576.jpg 768w, https:\/\/www.jucumnorte.com.ar\/es\/wp-content\/uploads\/2025\/04\/photo_5148085970539753465_y.jpg 1280w\" sizes=\"auto, (max-width: 1024px) 100vw, 1024px\" \/><br \/>\n\t\t\t\t\t\t\t\t\t\t\t\t\t<img loading=\"lazy\" decoding=\"async\" width=\"1024\" height=\"769\" src=\"http:\/\/www.jucumnorte.com.ar\/es\/wp-content\/uploads\/2025\/04\/photo_5148085970539753473_y-1024x769.jpg\" alt=\"\" srcset=\"https:\/\/www.jucumnorte.com.ar\/es\/wp-content\/uploads\/2025\/04\/photo_5148085970539753473_y-1024x769.jpg 1024w, https:\/\/www.jucumnorte.com.ar\/es\/wp-content\/uploads\/2025\/04\/photo_5148085970539753473_y-300x225.jpg 300w, https:\/\/www.jucumnorte.com.ar\/es\/wp-content\/uploads\/2025\/04\/photo_5148085970539753473_y-768x577.jpg 768w, https:\/\/www.jucumnorte.com.ar\/es\/wp-content\/uploads\/2025\/04\/photo_5148085970539753473_y.jpg 1280w\" sizes=\"auto, (max-width: 1024px) 100vw, 1024px\" \/><br \/>\n\t\t\t\t\t\t\t\t\t\t\t\t\t<img loading=\"lazy\" decoding=\"async\" width=\"1024\" height=\"769\" src=\"http:\/\/www.jucumnorte.com.ar\/es\/wp-content\/uploads\/2025\/04\/photo_5148085970539753472_y-1024x769.jpg\" alt=\"\" srcset=\"https:\/\/www.jucumnorte.com.ar\/es\/wp-content\/uploads\/2025\/04\/photo_5148085970539753472_y-1024x769.jpg 1024w, https:\/\/www.jucumnorte.com.ar\/es\/wp-content\/uploads\/2025\/04\/photo_5148085970539753472_y-300x225.jpg 300w, https:\/\/www.jucumnorte.com.ar\/es\/wp-content\/uploads\/2025\/04\/photo_5148085970539753472_y-768x577.jpg 768w, https:\/\/www.jucumnorte.com.ar\/es\/wp-content\/uploads\/2025\/04\/photo_5148085970539753472_y.jpg 1280w\" sizes=\"auto, (max-width: 1024px) 100vw, 1024px\" \/><br \/>\n\t\t\t\t\t\t\t\t\t\t\t\t\t<img loading=\"lazy\" decoding=\"async\" width=\"1024\" height=\"768\" src=\"http:\/\/www.jucumnorte.com.ar\/es\/wp-content\/uploads\/2024\/05\/WhatsApp-Image-2024-04-19-at-22.20.42-1024x768.jpeg\" alt=\"\" srcset=\"https:\/\/www.jucumnorte.com.ar\/es\/wp-content\/uploads\/2024\/05\/WhatsApp-Image-2024-04-19-at-22.20.42-1024x768.jpeg 1024w, https:\/\/www.jucumnorte.com.ar\/es\/wp-content\/uploads\/2024\/05\/WhatsApp-Image-2024-04-19-at-22.20.42-300x225.jpeg 300w, https:\/\/www.jucumnorte.com.ar\/es\/wp-content\/uploads\/2024\/05\/WhatsApp-Image-2024-04-19-at-22.20.42-768x576.jpeg 768w, https:\/\/www.jucumnorte.com.ar\/es\/wp-content\/uploads\/2024\/05\/WhatsApp-Image-2024-04-19-at-22.20.42.jpeg 1032w\" sizes=\"auto, (max-width: 1024px) 100vw, 1024px\" \/>\t\t\t\t\t\t\t\t\t\t\t\t\t<\/p>\n<p><strong>\u00bfQU\u00c9 OBRAS APOYAMOS ACTUALMENTE?<\/strong><\/p>\n<p>Actualmente como Iglesia y Misi\u00f3n estamos apoyando financieramente a <strong>4 obras en diferentes lugares: <\/strong><\/p>\n<ul>\n<li>Asia Central<\/li>\n<li>Venezuela<\/li>\n<li>Espa\u00f1a<\/li>\n<li>Chilecito (La Rioja, Argentina)<\/li>\n<\/ul>\n<p><strong>ESTAD\u00cdSTICAS DE ALCANCE:<\/strong><\/p>\n<p>Como ministerio a trav\u00e9s de los a\u00f1os hemos pisado <em><strong>5 continentes<\/strong><\/em>, con pr\u00e1cticas de escuela de misiones, proyectos y cuidado pastoral. <em><strong>Alguno de los pa\u00edses son: <\/strong><\/em><\/p>\n<p>&#8211;<em>Italia, Albania, Monte Negro, Sud\u00e1frica, India, Espa\u00f1a, Venezuela, Brasil, Marruecos, Paraguay, Surinam, Ucrania, Turqu\u00eda, Polonia, El Salvador, Colombia y m\u00e1s&#8230;<\/em><\/p>\n<p>\t\t\t\t\t\t\t\t\t\t\t\t\t<img loading=\"lazy\" decoding=\"async\" width=\"720\" height=\"540\" src=\"http:\/\/www.jucumnorte.com.ar\/es\/wp-content\/uploads\/2024\/05\/WhatsApp-Image-2024-05-21-at-19.41.01.jpeg\" alt=\"\" srcset=\"https:\/\/www.jucumnorte.com.ar\/es\/wp-content\/uploads\/2024\/05\/WhatsApp-Image-2024-05-21-at-19.41.01.jpeg 720w, https:\/\/www.jucumnorte.com.ar\/es\/wp-content\/uploads\/2024\/05\/WhatsApp-Image-2024-05-21-at-19.41.01-300x225.jpeg 300w\" sizes=\"auto, (max-width: 720px) 100vw, 720px\" \/><br \/>\n\t\t\t\t\t\t\t\t\t\t\t\t\t<img loading=\"lazy\" decoding=\"async\" width=\"1024\" height=\"768\" src=\"http:\/\/www.jucumnorte.com.ar\/es\/wp-content\/uploads\/2025\/04\/photo_5148085970539753468_y-1024x768.jpg\" alt=\"\" srcset=\"https:\/\/www.jucumnorte.com.ar\/es\/wp-content\/uploads\/2025\/04\/photo_5148085970539753468_y-1024x768.jpg 1024w, https:\/\/www.jucumnorte.com.ar\/es\/wp-content\/uploads\/2025\/04\/photo_5148085970539753468_y-300x225.jpg 300w, https:\/\/www.jucumnorte.com.ar\/es\/wp-content\/uploads\/2025\/04\/photo_5148085970539753468_y-768x576.jpg 768w, https:\/\/www.jucumnorte.com.ar\/es\/wp-content\/uploads\/2025\/04\/photo_5148085970539753468_y.jpg 1032w\" sizes=\"auto, (max-width: 1024px) 100vw, 1024px\" \/><br \/>\n\t\t\t\t\t\t\t\t\t\t\t\t\t<img loading=\"lazy\" decoding=\"async\" width=\"1024\" height=\"769\" src=\"http:\/\/www.jucumnorte.com.ar\/es\/wp-content\/uploads\/2025\/04\/photo_5148085970539753469_y-1024x769.jpg\" alt=\"\" srcset=\"https:\/\/www.jucumnorte.com.ar\/es\/wp-content\/uploads\/2025\/04\/photo_5148085970539753469_y-1024x769.jpg 1024w, https:\/\/www.jucumnorte.com.ar\/es\/wp-content\/uploads\/2025\/04\/photo_5148085970539753469_y-300x225.jpg 300w, https:\/\/www.jucumnorte.com.ar\/es\/wp-content\/uploads\/2025\/04\/photo_5148085970539753469_y-768x577.jpg 768w, https:\/\/www.jucumnorte.com.ar\/es\/wp-content\/uploads\/2025\/04\/photo_5148085970539753469_y.jpg 1280w\" sizes=\"auto, (max-width: 1024px) 100vw, 1024px\" \/><br \/>\n\t\t\t\t\t\t\t\t\t\t\t\t\t<img loading=\"lazy\" decoding=\"async\" width=\"720\" height=\"540\" src=\"http:\/\/www.jucumnorte.com.ar\/es\/wp-content\/uploads\/2024\/05\/WhatsApp-Image-2024-05-21-at-19.41.00-2.jpeg\" alt=\"\" srcset=\"https:\/\/www.jucumnorte.com.ar\/es\/wp-content\/uploads\/2024\/05\/WhatsApp-Image-2024-05-21-at-19.41.00-2.jpeg 720w, https:\/\/www.jucumnorte.com.ar\/es\/wp-content\/uploads\/2024\/05\/WhatsApp-Image-2024-05-21-at-19.41.00-2-300x225.jpeg 300w\" sizes=\"auto, (max-width: 720px) 100vw, 720px\" \/>\t\t\t\t\t\t\t\t\t\t\t\t\t<\/p>\n<h6 style=\"text-align: center;\">Cont\u00e1ctanos:<\/h6>\n<p>\t\t\t\t\t<a href=\"http:\/\/3794-229758\" target=\"_blank\" 3794-229758=\"\"><br \/>\n\t\t\t\t\t\tWhatsapp<br \/>\n\t\t\t\t\t\t\t\t\t\t\t<\/a><br \/>\n\t\t\t\t\t<a href=\"https:\/\/www.facebook.com\/people\/Misiones-Movil-Corrientes\/100057597093833\/?mibextid=ZbWKwL\" target=\"_blank\"><br \/>\n\t\t\t\t\t\tFacebook<br \/>\n\t\t\t\t\t\t\t\t\t\t\t<\/a><br \/>\n\t\t\t\t\t<a href=\"https:\/\/www.instagram.com\/misiones_jucum_corrientes\/\" target=\"_blank\"><br \/>\n\t\t\t\t\t\tInstagram<br \/>\n\t\t\t\t\t\t\t\t\t\t\t<\/a><\/p>\n","protected":false},"excerpt":{"rendered":"<p>A\u00d1O DE APERTURA: 1.999 Como ministerio nuestra VISI\u00d3N es la movilizaci\u00f3n de la iglesia, la intercesi\u00f3n y el apoyo en el \u00e1rea de las misiones. Esta es la base fundamental por la cual trabajamos para cumplir el llamado de la gran comisi\u00f3n, \u201cMateo 28\u201d. Nos comprometemos a sostener la cuerda en el cuidado pastoral de [&hellip;]<\/p>\n","protected":false},"author":1,"featured_media":0,"parent":64,"menu_order":0,"comment_status":"closed","ping_status":"open","template":"","meta":{"footnotes":""},"class_list":["post-73","page","type-page","status-publish","hentry"],"_links":{"self":[{"href":"https:\/\/www.jucumnorte.com.ar\/es\/wp-json\/wp\/v2\/pages\/73","targetHints":{"allow":["GET"]}}],"collection":[{"href":"https:\/\/www.jucumnorte.com.ar\/es\/wp-json\/wp\/v2\/pages"}],"about":[{"href":"https:\/\/www.jucumnorte.com.ar\/es\/wp-json\/wp\/v2\/types\/page"}],"author":[{"embeddable":true,"href":"https:\/\/www.jucumnorte.com.ar\/es\/wp-json\/wp\/v2\/users\/1"}],"replies":[{"embeddable":true,"href":"https:\/\/www.jucumnorte.com.ar\/es\/wp-json\/wp\/v2\/comments?post=73"}],"version-history":[{"count":24,"href":"https:\/\/www.jucumnorte.com.ar\/es\/wp-json\/wp\/v2\/pages\/73\/revisions"}],"predecessor-version":[{"id":8643,"href":"https:\/\/www.jucumnorte.com.ar\/es\/wp-json\/wp\/v2\/pages\/73\/revisions\/8643"}],"up":[{"embeddable":true,"href":"https:\/\/www.jucumnorte.com.ar\/es\/wp-json\/wp\/v2\/pages\/64"}],"wp:attachment":[{"href":"https:\/\/www.jucumnorte.com.ar\/es\/wp-json\/wp\/v2\/media?parent=73"}],"curies":[{"name":"wp","href":"https:\/\/api.w.org\/{rel}","templated":true}]}}