{"id":7859,"date":"2023-03-08T18:46:26","date_gmt":"2023-03-08T21:46:26","guid":{"rendered":"https:\/\/www.jucumnorte.com.ar\/es\/?page_id=7859"},"modified":"2023-04-25T18:59:46","modified_gmt":"2023-04-25T21:59:46","slug":"produccion-audiovisual","status":"publish","type":"page","link":"https:\/\/www.jucumnorte.com.ar\/es\/ministerios\/produccion-audiovisual\/","title":{"rendered":"Emeth Producciones"},"content":{"rendered":"\n<figure class=\"wp-block-image alignleft is-resized\"><img loading=\"lazy\" decoding=\"async\" src=\"http:\/\/www.jucumnorte.com.ar\/es\/wp-content\/uploads\/2023\/04\/BackgroundEraser_20230425_183921552.png\" alt=\"\" class=\"wp-image-7943\" width=\"326\" height=\"324\" srcset=\"https:\/\/www.jucumnorte.com.ar\/es\/wp-content\/uploads\/2023\/04\/BackgroundEraser_20230425_183921552.png 1080w, https:\/\/www.jucumnorte.com.ar\/es\/wp-content\/uploads\/2023\/04\/BackgroundEraser_20230425_183921552-1024x1021.png 1024w, https:\/\/www.jucumnorte.com.ar\/es\/wp-content\/uploads\/2023\/04\/BackgroundEraser_20230425_183921552-150x150.png 150w, https:\/\/www.jucumnorte.com.ar\/es\/wp-content\/uploads\/2023\/04\/BackgroundEraser_20230425_183921552-768x766.png 768w, https:\/\/www.jucumnorte.com.ar\/es\/wp-content\/uploads\/2023\/04\/BackgroundEraser_20230425_183921552-70x70.png 70w, https:\/\/www.jucumnorte.com.ar\/es\/wp-content\/uploads\/2023\/04\/BackgroundEraser_20230425_183921552-80x80.png 80w\" sizes=\"auto, (max-width: 326px) 100vw, 326px\" \/><\/figure>\n\n\n\n<p><strong>Pr\u00f3ximamente m\u00e1s informaci\u00f3n.<\/strong><\/p>\n","protected":false},"excerpt":{"rendered":"<p>Pr\u00f3ximamente m\u00e1s informaci\u00f3n.<\/p>\n","protected":false},"author":1,"featured_media":0,"parent":64,"menu_order":0,"comment_status":"closed","ping_status":"closed","template":"","meta":{"footnotes":""},"class_list":["post-7859","page","type-page","status-publish","hentry"],"_links":{"self":[{"href":"https:\/\/www.jucumnorte.com.ar\/es\/wp-json\/wp\/v2\/pages\/7859","targetHints":{"allow":["GET"]}}],"collection":[{"href":"https:\/\/www.jucumnorte.com.ar\/es\/wp-json\/wp\/v2\/pages"}],"about":[{"href":"https:\/\/www.jucumnorte.com.ar\/es\/wp-json\/wp\/v2\/types\/page"}],"author":[{"embeddable":true,"href":"https:\/\/www.jucumnorte.com.ar\/es\/wp-json\/wp\/v2\/users\/1"}],"replies":[{"embeddable":true,"href":"https:\/\/www.jucumnorte.com.ar\/es\/wp-json\/wp\/v2\/comments?post=7859"}],"version-history":[{"count":0,"href":"https:\/\/www.jucumnorte.com.ar\/es\/wp-json\/wp\/v2\/pages\/7859\/revisions"}],"up":[{"embeddable":true,"href":"https:\/\/www.jucumnorte.com.ar\/es\/wp-json\/wp\/v2\/pages\/64"}],"wp:attachment":[{"href":"https:\/\/www.jucumnorte.com.ar\/es\/wp-json\/wp\/v2\/media?parent=7859"}],"curies":[{"name":"wp","href":"https:\/\/api.w.org\/{rel}","templated":true}]}}